{"id":3,"date":"2023-05-02T18:27:16","date_gmt":"2023-05-02T18:27:16","guid":{"rendered":"https:\/\/abcgonurseries.com\/?page_id=3"},"modified":"2023-05-09T15:43:39","modified_gmt":"2023-05-09T15:43:39","slug":"privacy-policy","status":"publish","type":"page","link":"https:\/\/abcgonurseries.com\/en\/privacy-policy\/","title":{"rendered":"Privacy Policy"},"content":{"rendered":"<div data-elementor-type=\"wp-page\" data-elementor-id=\"3\" class=\"elementor elementor-3\" data-elementor-post-type=\"page\">\n\t\t\t\t\t\t<section class=\"elementor-section elementor-top-section elementor-element elementor-element-266deafd elementor-section-boxed elementor-section-height-default elementor-section-height-default\" data-id=\"266deafd\" data-element_type=\"section\" data-e-type=\"section\" data-settings=\"{&quot;background_background&quot;:&quot;classic&quot;}\">\n\t\t\t\t\t\t<div class=\"elementor-container elementor-column-gap-default\">\n\t\t\t\t\t<div class=\"elementor-column elementor-col-100 elementor-top-column elementor-element elementor-element-238d5a63\" data-id=\"238d5a63\" data-element_type=\"column\" data-e-type=\"column\">\n\t\t\t<div class=\"elementor-widget-wrap elementor-element-populated\">\n\t\t\t\t\t\t<div class=\"elementor-element elementor-element-731a4c9 elementor-widget elementor-widget-heading\" data-id=\"731a4c9\" data-element_type=\"widget\" data-e-type=\"widget\" data-widget_type=\"heading.default\">\n\t\t\t\t<div class=\"elementor-widget-container\">\n\t\t\t\t\t<h1 class=\"elementor-heading-title elementor-size-default\">POL\u00cdTICA DE PRIVACIDAD<\/h1>\t\t\t\t<\/div>\n\t\t\t\t<\/div>\n\t\t\t\t<div class=\"elementor-element elementor-element-0d51506 elementor-widget elementor-widget-heading\" data-id=\"0d51506\" data-element_type=\"widget\" data-e-type=\"widget\" data-widget_type=\"heading.default\">\n\t\t\t\t<div class=\"elementor-widget-container\">\n\t\t\t\t\t<h2 class=\"elementor-heading-title elementor-size-default\">Protecci\u00f3n de datos de car\u00e1cter personal seg\u00fan el RGPD<\/h2>\t\t\t\t<\/div>\n\t\t\t\t<\/div>\n\t\t\t\t<div class=\"elementor-element elementor-element-0cbeabf elementor-widget elementor-widget-text-editor\" data-id=\"0cbeabf\" data-element_type=\"widget\" data-e-type=\"widget\" data-widget_type=\"text-editor.default\">\n\t\t\t\t<div class=\"elementor-widget-container\">\n\t\t\t\t\t\t\t\t\t<p>Livinia Group S.L., en aplicaci\u00f3n de la normativa vigente en materia de protecci\u00f3n de datos de car\u00e1cter personal, informa que los datos personales que se recogen a trav\u00e9s de los formularios del Sitio web: www.abcgonurseries.com, se incluyen en los ficheros automatizados espec\u00edficos de usuarios de los servicios de Livinia Group S.L.<\/p>\n<p>La recogida y tratamiento automatizado de los datos de car\u00e1cter personal tiene como finalidad el mantenimiento de la relaci\u00f3n comercial y el desempe\u00f1o de tareas de informaci\u00f3n, formaci\u00f3n, asesoramiento y otras actividades propias de Livinia Group S.L.<\/p>\n<p>Estos datos \u00fanicamente ser\u00e1n cedidos a aquellas entidades que sean necesarias con el \u00fanico objetivo de dar cumplimiento a la finalidad anteriormente expuesta.<\/p>\n<p>Livinia Group S.L. adopta las medidas necesarias para garantizar la seguridad, integridad y confidencialidad de los datos conforme a lo dispuesto en el Reglamento (UE) 2016\/679 del Parlamento Europeo y del Consejo, de 27 de abril de 2016, relativo a la protecci\u00f3n de las personas f\u00edsicas en lo que respecta al tratamiento de datos personales y a la libre circulaci\u00f3n de los mismos.<\/p>\n<p>El usuario podr\u00e1 en cualquier momento ejercitar los derechos de acceso, oposici\u00f3n, rectificaci\u00f3n, cancelaci\u00f3n, limitaci\u00f3n y portabilidad reconocidos en el citado Reglamento (UE). El ejercicio de estos derechos puede realizarlo el propio usuario a trav\u00e9s de email a: info@abcgonurseries.com\u00a0 o en la direcci\u00f3n: C\/ Alfonso G\u00f3mez, 30 \u2013 32, Lb1, C.P. 28037 \u2013 Madrid (Madrid).<\/p>\n<p>El usuario manifiesta que todos los datos facilitados por \u00e9l son ciertos y correctos, y se compromete a mantenerlos actualizados, comunicando los cambios a Livinia Group S.L.<\/p>\t\t\t\t\t\t\t\t<\/div>\n\t\t\t\t<\/div>\n\t\t\t\t<div class=\"elementor-element elementor-element-5542e07 elementor-widget elementor-widget-heading\" data-id=\"5542e07\" data-element_type=\"widget\" data-e-type=\"widget\" data-widget_type=\"heading.default\">\n\t\t\t\t<div class=\"elementor-widget-container\">\n\t\t\t\t\t<h2 class=\"elementor-heading-title elementor-size-default\">\nFinalidad del tratamiento de los datos personales:\n<\/h2>\t\t\t\t<\/div>\n\t\t\t\t<\/div>\n\t\t\t\t<div class=\"elementor-element elementor-element-b757ac4 elementor-widget elementor-widget-heading\" data-id=\"b757ac4\" data-element_type=\"widget\" data-e-type=\"widget\" data-widget_type=\"heading.default\">\n\t\t\t\t<div class=\"elementor-widget-container\">\n\t\t\t\t\t<h3 class=\"elementor-heading-title elementor-size-default\">\u00bfCon qu\u00e9 finalidad trataremos tus datos personales?<\/h3>\t\t\t\t<\/div>\n\t\t\t\t<\/div>\n\t\t\t\t<div class=\"elementor-element elementor-element-e03172a elementor-widget elementor-widget-text-editor\" data-id=\"e03172a\" data-element_type=\"widget\" data-e-type=\"widget\" data-widget_type=\"text-editor.default\">\n\t\t\t\t<div class=\"elementor-widget-container\">\n\t\t\t\t\t\t\t\t\t<p>En <strong>Livinia Group S.L.,<\/strong> trataremos tus datos personales recabados a trav\u00e9s del Sitio Web: www.abcgonurseries.com, con las siguientes finalidades:<\/p>\n<ol>\n<li>En caso de contrataci\u00f3n de los bienes y servicios ofertados a trav\u00e9s de www.abcgonurseries.com, para mantener la relaci\u00f3n contractual, as\u00ed como la gesti\u00f3n, administraci\u00f3n, informaci\u00f3n, prestaci\u00f3n y mejora del servicio.<\/li>\n<li>Env\u00edo de informaci\u00f3n solicitada a trav\u00e9s de los formularios dispuestos en www.abcgonurseries.com.<\/li>\n<li>Remitir boletines (newsletters), as\u00ed como comunicaciones comerciales de promociones y\/o publicidad de www.abcgonurseries.com y del sector.<\/li>\n<\/ol>\n<p>\u00a0<\/p>\n<p>Te recordamos que puedes oponerte al env\u00edo de comunicaciones comerciales por cualquier v\u00eda y en cualquier momento, remitiendo un correo electr\u00f3nico a la direcci\u00f3n anteriormente indicada.<\/p>\n<p>Los campos de dichos registros son de cumplimentaci\u00f3n obligatoria, siendo imposible realizar las finalidades expresadas si no se aportan esos datos.<\/p>\t\t\t\t\t\t\t\t<\/div>\n\t\t\t\t<\/div>\n\t\t\t\t<div class=\"elementor-element elementor-element-0fbbcb4 elementor-widget elementor-widget-heading\" data-id=\"0fbbcb4\" data-element_type=\"widget\" data-e-type=\"widget\" data-widget_type=\"heading.default\">\n\t\t\t\t<div class=\"elementor-widget-container\">\n\t\t\t\t\t<h3 class=\"elementor-heading-title elementor-size-default\">\n\u00bfPor cu\u00e1nto tiempo se conservan los datos personales recabados?\n<\/h3>\t\t\t\t<\/div>\n\t\t\t\t<\/div>\n\t\t\t\t<div class=\"elementor-element elementor-element-7b363ee elementor-widget elementor-widget-text-editor\" data-id=\"7b363ee\" data-element_type=\"widget\" data-e-type=\"widget\" data-widget_type=\"text-editor.default\">\n\t\t\t\t<div class=\"elementor-widget-container\">\n\t\t\t\t\t\t\t\t\t<p>Los datos personales proporcionados se conservar\u00e1n mientras se mantenga la relaci\u00f3n comercial o no solicites su supresi\u00f3n y durante el plazo por el cu\u00e1l pudieran derivarse responsabilidades legales por los servicios prestados.<\/p>\t\t\t\t\t\t\t\t<\/div>\n\t\t\t\t<\/div>\n\t\t\t\t<div class=\"elementor-element elementor-element-2527b00 elementor-widget elementor-widget-heading\" data-id=\"2527b00\" data-element_type=\"widget\" data-e-type=\"widget\" data-widget_type=\"heading.default\">\n\t\t\t\t<div class=\"elementor-widget-container\">\n\t\t\t\t\t<h3 class=\"elementor-heading-title elementor-size-default\">Legitimaci\u00f3n:<\/h3>\t\t\t\t<\/div>\n\t\t\t\t<\/div>\n\t\t\t\t<div class=\"elementor-element elementor-element-96676f0 elementor-widget elementor-widget-text-editor\" data-id=\"96676f0\" data-element_type=\"widget\" data-e-type=\"widget\" data-widget_type=\"text-editor.default\">\n\t\t\t\t<div class=\"elementor-widget-container\">\n\t\t\t\t\t\t\t\t\t<p>El tratamiento de tus datos se realiza con las siguientes bases jur\u00eddicas que legitiman el mismo:<\/p>\n<ol>\n<li>La solicitud de informaci\u00f3n y\/o la contrataci\u00f3n de los servicios de Livinia Group S.L., cuyos t\u00e9rminos y condiciones se pondr\u00e1n a tu disposici\u00f3n en todo caso, de forma previa a una eventual contrataci\u00f3n.<\/li>\n<li>El consentimiento libre, espec\u00edfico, informado e inequ\u00edvoco, en tanto que te informamos poniendo a tu disposici\u00f3n la presente pol\u00edtica de privacidad, que, tras la lectura de la misma, en caso de estar conforme, puedes aceptar mediante una declaraci\u00f3n o una clara acci\u00f3n afirmativa, como el marcado de una casilla dispuesta al efecto.<\/li>\n<\/ol>\n<p>\u00a0<\/p>\n<p>En caso de que no nos facilites tus datos o lo hagas de forma err\u00f3nea o incompleta, no podremos atender tu solicitud, resultando del todo imposible proporcionarte la informaci\u00f3n solicitada o llevar a cabo la contrataci\u00f3n de los servicios.<\/p>\t\t\t\t\t\t\t\t<\/div>\n\t\t\t\t<\/div>\n\t\t\t\t\t<\/div>\n\t\t<\/div>\n\t\t\t\t\t<\/div>\n\t\t<\/section>\n\t\t\t\t<\/div>","protected":false},"excerpt":{"rendered":"<p>POL\u00cdTICA DE PRIVACIDAD Protecci\u00f3n de datos de car\u00e1cter personal seg\u00fan el RGPD Livinia Group S.L., en aplicaci\u00f3n de la normativa vigente en materia de protecci\u00f3n de datos de car\u00e1cter personal, informa que los datos personales que se recogen a trav\u00e9s de los formularios del Sitio web: www.abcgonurseries.com, se incluyen en los ficheros automatizados espec\u00edficos de [&hellip;]<\/p>\n","protected":false},"author":1,"featured_media":0,"parent":0,"menu_order":0,"comment_status":"closed","ping_status":"open","template":"elementor_header_footer","meta":{"_acf_changed":false,"footnotes":""},"class_list":["post-3","page","type-page","status-publish","hentry"],"acf":[],"yoast_head":"<!-- This site is optimized with the Yoast SEO plugin v27.3 - https:\/\/yoast.com\/product\/yoast-seo-wordpress\/ -->\n<title>Privacy Policy - ESCUELA INFANTIL 100% en ingl\u00e9s<\/title>\n<meta name=\"robots\" content=\"index, follow, max-snippet:-1, max-image-preview:large, max-video-preview:-1\" \/>\n<link rel=\"canonical\" href=\"https:\/\/abcgonurseries.com\/en\/privacy-policy\/\" \/>\n<meta property=\"og:locale\" content=\"en_US\" \/>\n<meta property=\"og:type\" content=\"article\" \/>\n<meta property=\"og:title\" content=\"Privacy Policy - ESCUELA INFANTIL 100% en ingl\u00e9s\" \/>\n<meta property=\"og:description\" content=\"POL\u00cdTICA DE PRIVACIDAD Protecci\u00f3n de datos de car\u00e1cter personal seg\u00fan el RGPD Livinia Group S.L., en aplicaci\u00f3n de la normativa vigente en materia de protecci\u00f3n de datos de car\u00e1cter personal, informa que los datos personales que se recogen a trav\u00e9s de los formularios del Sitio web: www.abcgonurseries.com, se incluyen en los ficheros automatizados espec\u00edficos de [&hellip;]\" \/>\n<meta property=\"og:url\" content=\"https:\/\/abcgonurseries.com\/en\/privacy-policy\/\" \/>\n<meta property=\"og:site_name\" content=\"ESCUELA INFANTIL 100% en ingl\u00e9s\" \/>\n<meta property=\"article:modified_time\" content=\"2023-05-09T15:43:39+00:00\" \/>\n<meta name=\"twitter:card\" content=\"summary_large_image\" \/>\n<meta name=\"twitter:label1\" content=\"Est. reading time\" \/>\n\t<meta name=\"twitter:data1\" content=\"3 minutes\" \/>\n<script type=\"application\/ld+json\" class=\"yoast-schema-graph\">{\"@context\":\"https:\\\/\\\/schema.org\",\"@graph\":[{\"@type\":\"WebPage\",\"@id\":\"https:\\\/\\\/abcgonurseries.com\\\/privacy-policy\\\/\",\"url\":\"https:\\\/\\\/abcgonurseries.com\\\/privacy-policy\\\/\",\"name\":\"Privacy Policy - ESCUELA INFANTIL 100% en ingl\u00e9s\",\"isPartOf\":{\"@id\":\"https:\\\/\\\/abcgonurseries.com\\\/#website\"},\"datePublished\":\"2023-05-02T18:27:16+00:00\",\"dateModified\":\"2023-05-09T15:43:39+00:00\",\"breadcrumb\":{\"@id\":\"https:\\\/\\\/abcgonurseries.com\\\/privacy-policy\\\/#breadcrumb\"},\"inLanguage\":\"en-US\",\"potentialAction\":[{\"@type\":\"ReadAction\",\"target\":[\"https:\\\/\\\/abcgonurseries.com\\\/privacy-policy\\\/\"]}]},{\"@type\":\"BreadcrumbList\",\"@id\":\"https:\\\/\\\/abcgonurseries.com\\\/privacy-policy\\\/#breadcrumb\",\"itemListElement\":[{\"@type\":\"ListItem\",\"position\":1,\"name\":\"Portada\",\"item\":\"https:\\\/\\\/abcgonurseries.com\\\/\"},{\"@type\":\"ListItem\",\"position\":2,\"name\":\"Privacy Policy\"}]},{\"@type\":\"WebSite\",\"@id\":\"https:\\\/\\\/abcgonurseries.com\\\/#website\",\"url\":\"https:\\\/\\\/abcgonurseries.com\\\/\",\"name\":\"ESCUELA INFANTIL 100% en ingl\u00e9s\",\"description\":\"Affordable  &amp; Quality English Education\",\"publisher\":{\"@id\":\"https:\\\/\\\/abcgonurseries.com\\\/#organization\"},\"potentialAction\":[{\"@type\":\"SearchAction\",\"target\":{\"@type\":\"EntryPoint\",\"urlTemplate\":\"https:\\\/\\\/abcgonurseries.com\\\/?s={search_term_string}\"},\"query-input\":{\"@type\":\"PropertyValueSpecification\",\"valueRequired\":true,\"valueName\":\"search_term_string\"}}],\"inLanguage\":\"en-US\"},{\"@type\":\"Organization\",\"@id\":\"https:\\\/\\\/abcgonurseries.com\\\/#organization\",\"name\":\"ESCUELA INFANTIL 100% en ingl\u00e9s\",\"url\":\"https:\\\/\\\/abcgonurseries.com\\\/\",\"logo\":{\"@type\":\"ImageObject\",\"inLanguage\":\"en-US\",\"@id\":\"https:\\\/\\\/abcgonurseries.com\\\/#\\\/schema\\\/logo\\\/image\\\/\",\"url\":\"https:\\\/\\\/abcgonurseries.com\\\/wp-content\\\/uploads\\\/2023\\\/05\\\/LOGO.svg\",\"contentUrl\":\"https:\\\/\\\/abcgonurseries.com\\\/wp-content\\\/uploads\\\/2023\\\/05\\\/LOGO.svg\",\"caption\":\"ESCUELA INFANTIL 100% en ingl\u00e9s\"},\"image\":{\"@id\":\"https:\\\/\\\/abcgonurseries.com\\\/#\\\/schema\\\/logo\\\/image\\\/\"}}]}<\/script>\n<!-- \/ Yoast SEO plugin. -->","yoast_head_json":{"title":"Privacy Policy - ESCUELA INFANTIL 100% en ingl\u00e9s","robots":{"index":"index","follow":"follow","max-snippet":"max-snippet:-1","max-image-preview":"max-image-preview:large","max-video-preview":"max-video-preview:-1"},"canonical":"https:\/\/abcgonurseries.com\/en\/privacy-policy\/","og_locale":"en_US","og_type":"article","og_title":"Privacy Policy - ESCUELA INFANTIL 100% en ingl\u00e9s","og_description":"POL\u00cdTICA DE PRIVACIDAD Protecci\u00f3n de datos de car\u00e1cter personal seg\u00fan el RGPD Livinia Group S.L., en aplicaci\u00f3n de la normativa vigente en materia de protecci\u00f3n de datos de car\u00e1cter personal, informa que los datos personales que se recogen a trav\u00e9s de los formularios del Sitio web: www.abcgonurseries.com, se incluyen en los ficheros automatizados espec\u00edficos de [&hellip;]","og_url":"https:\/\/abcgonurseries.com\/en\/privacy-policy\/","og_site_name":"ESCUELA INFANTIL 100% en ingl\u00e9s","article_modified_time":"2023-05-09T15:43:39+00:00","twitter_card":"summary_large_image","twitter_misc":{"Est. reading time":"3 minutes"},"schema":{"@context":"https:\/\/schema.org","@graph":[{"@type":"WebPage","@id":"https:\/\/abcgonurseries.com\/privacy-policy\/","url":"https:\/\/abcgonurseries.com\/privacy-policy\/","name":"Privacy Policy - ESCUELA INFANTIL 100% en ingl\u00e9s","isPartOf":{"@id":"https:\/\/abcgonurseries.com\/#website"},"datePublished":"2023-05-02T18:27:16+00:00","dateModified":"2023-05-09T15:43:39+00:00","breadcrumb":{"@id":"https:\/\/abcgonurseries.com\/privacy-policy\/#breadcrumb"},"inLanguage":"en-US","potentialAction":[{"@type":"ReadAction","target":["https:\/\/abcgonurseries.com\/privacy-policy\/"]}]},{"@type":"BreadcrumbList","@id":"https:\/\/abcgonurseries.com\/privacy-policy\/#breadcrumb","itemListElement":[{"@type":"ListItem","position":1,"name":"Portada","item":"https:\/\/abcgonurseries.com\/"},{"@type":"ListItem","position":2,"name":"Privacy Policy"}]},{"@type":"WebSite","@id":"https:\/\/abcgonurseries.com\/#website","url":"https:\/\/abcgonurseries.com\/","name":"ESCUELA INFANTIL 100% en ingl\u00e9s","description":"Affordable  &amp; Quality English Education","publisher":{"@id":"https:\/\/abcgonurseries.com\/#organization"},"potentialAction":[{"@type":"SearchAction","target":{"@type":"EntryPoint","urlTemplate":"https:\/\/abcgonurseries.com\/?s={search_term_string}"},"query-input":{"@type":"PropertyValueSpecification","valueRequired":true,"valueName":"search_term_string"}}],"inLanguage":"en-US"},{"@type":"Organization","@id":"https:\/\/abcgonurseries.com\/#organization","name":"ESCUELA INFANTIL 100% en ingl\u00e9s","url":"https:\/\/abcgonurseries.com\/","logo":{"@type":"ImageObject","inLanguage":"en-US","@id":"https:\/\/abcgonurseries.com\/#\/schema\/logo\/image\/","url":"https:\/\/abcgonurseries.com\/wp-content\/uploads\/2023\/05\/LOGO.svg","contentUrl":"https:\/\/abcgonurseries.com\/wp-content\/uploads\/2023\/05\/LOGO.svg","caption":"ESCUELA INFANTIL 100% en ingl\u00e9s"},"image":{"@id":"https:\/\/abcgonurseries.com\/#\/schema\/logo\/image\/"}}]}},"_links":{"self":[{"href":"https:\/\/abcgonurseries.com\/en\/wp-json\/wp\/v2\/pages\/3","targetHints":{"allow":["GET"]}}],"collection":[{"href":"https:\/\/abcgonurseries.com\/en\/wp-json\/wp\/v2\/pages"}],"about":[{"href":"https:\/\/abcgonurseries.com\/en\/wp-json\/wp\/v2\/types\/page"}],"author":[{"embeddable":true,"href":"https:\/\/abcgonurseries.com\/en\/wp-json\/wp\/v2\/users\/1"}],"replies":[{"embeddable":true,"href":"https:\/\/abcgonurseries.com\/en\/wp-json\/wp\/v2\/comments?post=3"}],"version-history":[{"count":30,"href":"https:\/\/abcgonurseries.com\/en\/wp-json\/wp\/v2\/pages\/3\/revisions"}],"predecessor-version":[{"id":1491,"href":"https:\/\/abcgonurseries.com\/en\/wp-json\/wp\/v2\/pages\/3\/revisions\/1491"}],"wp:attachment":[{"href":"https:\/\/abcgonurseries.com\/en\/wp-json\/wp\/v2\/media?parent=3"}],"curies":[{"name":"wp","href":"https:\/\/api.w.org\/{rel}","templated":true}]}}