{"id":2726,"date":"2023-09-01T11:52:03","date_gmt":"2023-09-01T11:52:03","guid":{"rendered":"https:\/\/abcgonurseries.com\/?page_id=2726"},"modified":"2024-01-22T09:06:29","modified_gmt":"2024-01-22T09:06:29","slug":"avisolegal","status":"publish","type":"page","link":"https:\/\/abcgonurseries.com\/en\/avisolegal\/","title":{"rendered":"Aviso Legal"},"content":{"rendered":"<div data-elementor-type=\"wp-page\" data-elementor-id=\"2726\" class=\"elementor elementor-2726\" data-elementor-post-type=\"page\">\n\t\t\t\t\t\t<section class=\"elementor-section elementor-top-section elementor-element elementor-element-266deafd elementor-section-boxed elementor-section-height-default elementor-section-height-default\" data-id=\"266deafd\" data-element_type=\"section\" data-e-type=\"section\" data-settings=\"{&quot;background_background&quot;:&quot;classic&quot;}\">\n\t\t\t\t\t\t<div class=\"elementor-container elementor-column-gap-default\">\n\t\t\t\t\t<div class=\"elementor-column elementor-col-100 elementor-top-column elementor-element elementor-element-238d5a63\" data-id=\"238d5a63\" data-element_type=\"column\" data-e-type=\"column\">\n\t\t\t<div class=\"elementor-widget-wrap elementor-element-populated\">\n\t\t\t\t\t\t<div class=\"elementor-element elementor-element-731a4c9 elementor-widget elementor-widget-heading\" data-id=\"731a4c9\" data-element_type=\"widget\" data-e-type=\"widget\" data-widget_type=\"heading.default\">\n\t\t\t\t<div class=\"elementor-widget-container\">\n\t\t\t\t\t<h1 class=\"elementor-heading-title elementor-size-default\">AVISO LEGAL<\/h1>\t\t\t\t<\/div>\n\t\t\t\t<\/div>\n\t\t\t\t<div class=\"elementor-element elementor-element-0cbeabf elementor-widget elementor-widget-text-editor\" data-id=\"0cbeabf\" data-element_type=\"widget\" data-e-type=\"widget\" data-widget_type=\"text-editor.default\">\n\t\t\t\t<div class=\"elementor-widget-container\">\n\t\t\t\t\t\t\t\t\t<p>Livinia Group S.L., con CIF\/NIF n\u00ba: B86338050 y direcci\u00f3n en: C\/ Alfonso G\u00f3mez, 30 \u2013 32, Lb1, 28037 \u2013 Madrid (Madrid), no puede asumir ninguna responsabilidad derivada del uso incorrecto, inapropiado o il\u00edcito de la informaci\u00f3n aparecida en las p\u00e1ginas web de: www.abcgonurseries.com<\/p><p>Que Livinia Group S.L. consta inscrita en el Registro Mercantil de Madrid, Tomo 29360, Folio 94, Secci\u00f3n 8\u00aa, Hoja M-528508, inscripci\u00f3n 1\u00aa.<\/p><p>Con los l\u00edmites establecidos en la ley, Livinia Group S.L. no asume ninguna responsabilidad derivada de la falta de veracidad, integridad, actualizaci\u00f3n y precisi\u00f3n de los datos o informaciones que contienen sus p\u00e1ginas web.<\/p><p>Los contenidos e informaci\u00f3n no vinculan a Livinia Group S.L. ni constituyen opiniones, consejos o asesoramiento legal de ning\u00fan tipo pues se trata meramente de un servicio ofrecido con car\u00e1cter informativo y divulgativo.<\/p><p>Las p\u00e1ginas de Internet de Livinia Group S.L. pueden contener enlaces (links) a otras p\u00e1ginas de terceras partes que Livinia Group S.L. no puede controlar. Por lo tanto, Livinia Group S.L. no puede asumir responsabilidades por el contenido que pueda aparecer en p\u00e1ginas de terceros.<\/p><p>Los textos, im\u00e1genes, sonidos, animaciones, software y el resto de contenidos incluidos en este website son propiedad exclusiva de Livinia Group S.L. o sus licenciantes. Cualquier acto de transmisi\u00f3n, distribuci\u00f3n, cesi\u00f3n, reproducci\u00f3n, almacenamiento o comunicaci\u00f3n p\u00fablica total o parcial, deber\u00e1 contar con el consentimiento expreso de Livinia Group S.L..<\/p><p>Asimismo, para acceder a algunos de los servicios que Livinia Group S.L. ofrece a trav\u00e9s del sitio web, deber\u00e1 proporcionar algunos datos de car\u00e1cter personal. En cumplimiento de lo establecido en el Reglamento (UE) 2016\/679 del Parlamento Europeo y del Consejo, de 27 de abril de 2016, relativo a la protecci\u00f3n de las personas f\u00edsicas en lo que respecta al tratamiento de datos personales y a la libre circulaci\u00f3n de estos datos le informamos que, mediante la cumplimentaci\u00f3n de los presentes formularios, sus datos personales quedar\u00e1n incorporados y ser\u00e1n tratados en los ficheros de Livinia Group S.L. con el fin de poderle prestar y ofrecer nuestros servicios as\u00ed como para informarle de las mejoras del sitio Web.<\/p><p>Le informamos tambi\u00e9n de que tendr\u00e1 la posibilidad en todo momento de ejercer los derechos de acceso, rectificaci\u00f3n, cancelaci\u00f3n, oposici\u00f3n, limitaci\u00f3n y portabilidad de sus datos de car\u00e1cter personal, de manera gratuita mediante email a: info@abcgonurseries.com o en la direcci\u00f3n: C\/ Alfonso G\u00f3mez, 30 \u2013 32, Lb1, 28037 \u2013 Madrid (Madrid).<\/p><h1>\u201cBECA ABCGO METHOD \u00a9\u201d<\/h1><p>Livinia Group SL, como titular del Centro de Educaci\u00f3n Infantil ABCGO NURSERIES, con domicilio en C\/Alfonso G\u00f3mez 30-32, LB1-Madrid y NIF B86338050, realizar\u00e1 una promoci\u00f3n en favor de la marca ABCGO NURSERIES, que se regir\u00e1 por las siguientes Bases:<\/p><p><u>Objeto de la Promoci\u00f3n<\/u>: Facilitar la matriculaci\u00f3n de alumnos en edad 1-3 a\u00f1os, para el curso completo 2022-2023 con una ayuda econ\u00f3mica.<\/p><p><u>Duraci\u00f3n de la Promoci\u00f3n<\/u>: La promoci\u00f3n \u201cBeca Abcgo Method\u201d comenzar\u00e1 el 15 de Mayo 2022 y finalizara el 15 de Junio 2022.<\/p><p><u>Beca<\/u>: La citada Beca consistir\u00e1 en la deducci\u00f3n del importe de 440 \u20ac sobre el total del curso escolar contratando una Jornada Completa de 8 horas (hasta las 17:00) y 11 meses (curso escolar), es decir de Septiembre 2022 a Julio 2023.<\/p><p>Dicha deducci\u00f3n se formalizar\u00e1 en dos fases, el primer 50% (220\u20ac) en la mensualidad de Diciembre 2022 y el otro 50% (220\u20ac) en la mensualidad de Julio 2023, siempre y cuando se complete el citado curso escolar.<\/p><p><u>Adjudicaci\u00f3n<\/u>: La beca se adjudicar\u00e1 a quien nos lo solicite previo a su matriculaci\u00f3n en el curso 2022-2023, siempre que cumpla con las bases de la citada promoci\u00f3n, por orden de matriculaci\u00f3n dada por la fecha de transferencia del pago de la matr\u00edcula, y hasta que se agoten las citadas 6 plazas.<\/p><p><u>Aceptaci\u00f3n de las Bases<\/u>: La participaci\u00f3n en la promoci\u00f3n implica la aceptaci\u00f3n de las presentes bases por parte de los interesados.<\/p>\t\t\t\t\t\t\t\t<\/div>\n\t\t\t\t<\/div>\n\t\t\t\t\t<\/div>\n\t\t<\/div>\n\t\t\t\t\t<\/div>\n\t\t<\/section>\n\t\t\t\t<\/div>","protected":false},"excerpt":{"rendered":"<p>AVISO LEGAL Livinia Group S.L., con CIF\/NIF n\u00ba: B86338050 y direcci\u00f3n en: C\/ Alfonso G\u00f3mez, 30 \u2013 32, Lb1, 28037 \u2013 Madrid (Madrid), no puede asumir ninguna responsabilidad derivada del uso incorrecto, inapropiado o il\u00edcito de la informaci\u00f3n aparecida en las p\u00e1ginas web de: www.abcgonurseries.com Que Livinia Group S.L. consta inscrita en el Registro Mercantil [&hellip;]<\/p>\n","protected":false},"author":1,"featured_media":0,"parent":0,"menu_order":0,"comment_status":"closed","ping_status":"open","template":"elementor_header_footer","meta":{"_acf_changed":false,"footnotes":""},"class_list":["post-2726","page","type-page","status-publish","hentry"],"acf":[],"yoast_head":"<!-- This site is optimized with the Yoast SEO plugin v27.4 - https:\/\/yoast.com\/product\/yoast-seo-wordpress\/ -->\n<title>Aviso Legal - ESCUELA INFANTIL 100% en ingl\u00e9s<\/title>\n<meta name=\"robots\" content=\"noindex, nofollow\" \/>\n<meta property=\"og:locale\" content=\"en_US\" \/>\n<meta property=\"og:type\" content=\"article\" \/>\n<meta property=\"og:title\" content=\"Aviso Legal - ESCUELA INFANTIL 100% en ingl\u00e9s\" \/>\n<meta property=\"og:description\" content=\"AVISO LEGAL Livinia Group S.L., con CIF\/NIF n\u00ba: B86338050 y direcci\u00f3n en: C\/ Alfonso G\u00f3mez, 30 \u2013 32, Lb1, 28037 \u2013 Madrid (Madrid), no puede asumir ninguna responsabilidad derivada del uso incorrecto, inapropiado o il\u00edcito de la informaci\u00f3n aparecida en las p\u00e1ginas web de: www.abcgonurseries.com Que Livinia Group S.L. consta inscrita en el Registro Mercantil [&hellip;]\" \/>\n<meta property=\"og:url\" content=\"https:\/\/abcgonurseries.com\/en\/avisolegal\/\" \/>\n<meta property=\"og:site_name\" content=\"ESCUELA INFANTIL 100% en ingl\u00e9s\" \/>\n<meta property=\"article:modified_time\" content=\"2024-01-22T09:06:29+00:00\" \/>\n<meta name=\"twitter:card\" content=\"summary_large_image\" \/>\n<meta name=\"twitter:label1\" content=\"Est. reading time\" \/>\n\t<meta name=\"twitter:data1\" content=\"3 minutes\" \/>\n<script type=\"application\/ld+json\" class=\"yoast-schema-graph\">{\"@context\":\"https:\\\/\\\/schema.org\",\"@graph\":[{\"@type\":\"WebPage\",\"@id\":\"https:\\\/\\\/abcgonurseries.com\\\/avisolegal\\\/\",\"url\":\"https:\\\/\\\/abcgonurseries.com\\\/avisolegal\\\/\",\"name\":\"Aviso Legal - ESCUELA INFANTIL 100% en ingl\u00e9s\",\"isPartOf\":{\"@id\":\"https:\\\/\\\/abcgonurseries.com\\\/#website\"},\"datePublished\":\"2023-09-01T11:52:03+00:00\",\"dateModified\":\"2024-01-22T09:06:29+00:00\",\"breadcrumb\":{\"@id\":\"https:\\\/\\\/abcgonurseries.com\\\/avisolegal\\\/#breadcrumb\"},\"inLanguage\":\"en-US\",\"potentialAction\":[{\"@type\":\"ReadAction\",\"target\":[\"https:\\\/\\\/abcgonurseries.com\\\/avisolegal\\\/\"]}]},{\"@type\":\"BreadcrumbList\",\"@id\":\"https:\\\/\\\/abcgonurseries.com\\\/avisolegal\\\/#breadcrumb\",\"itemListElement\":[{\"@type\":\"ListItem\",\"position\":1,\"name\":\"Portada\",\"item\":\"https:\\\/\\\/abcgonurseries.com\\\/\"},{\"@type\":\"ListItem\",\"position\":2,\"name\":\"Aviso Legal\"}]},{\"@type\":\"WebSite\",\"@id\":\"https:\\\/\\\/abcgonurseries.com\\\/#website\",\"url\":\"https:\\\/\\\/abcgonurseries.com\\\/\",\"name\":\"ESCUELA INFANTIL 100% en ingl\u00e9s\",\"description\":\"Affordable  &amp; Quality English Education\",\"publisher\":{\"@id\":\"https:\\\/\\\/abcgonurseries.com\\\/#organization\"},\"potentialAction\":[{\"@type\":\"SearchAction\",\"target\":{\"@type\":\"EntryPoint\",\"urlTemplate\":\"https:\\\/\\\/abcgonurseries.com\\\/?s={search_term_string}\"},\"query-input\":{\"@type\":\"PropertyValueSpecification\",\"valueRequired\":true,\"valueName\":\"search_term_string\"}}],\"inLanguage\":\"en-US\"},{\"@type\":\"Organization\",\"@id\":\"https:\\\/\\\/abcgonurseries.com\\\/#organization\",\"name\":\"ESCUELA INFANTIL 100% en ingl\u00e9s\",\"url\":\"https:\\\/\\\/abcgonurseries.com\\\/\",\"logo\":{\"@type\":\"ImageObject\",\"inLanguage\":\"en-US\",\"@id\":\"https:\\\/\\\/abcgonurseries.com\\\/#\\\/schema\\\/logo\\\/image\\\/\",\"url\":\"https:\\\/\\\/abcgonurseries.com\\\/wp-content\\\/uploads\\\/2023\\\/05\\\/LOGO.svg\",\"contentUrl\":\"https:\\\/\\\/abcgonurseries.com\\\/wp-content\\\/uploads\\\/2023\\\/05\\\/LOGO.svg\",\"caption\":\"ESCUELA INFANTIL 100% en ingl\u00e9s\"},\"image\":{\"@id\":\"https:\\\/\\\/abcgonurseries.com\\\/#\\\/schema\\\/logo\\\/image\\\/\"}}]}<\/script>\n<!-- \/ Yoast SEO plugin. -->","yoast_head_json":{"title":"Aviso Legal - ESCUELA INFANTIL 100% en ingl\u00e9s","robots":{"index":"noindex","follow":"nofollow"},"og_locale":"en_US","og_type":"article","og_title":"Aviso Legal - ESCUELA INFANTIL 100% en ingl\u00e9s","og_description":"AVISO LEGAL Livinia Group S.L., con CIF\/NIF n\u00ba: B86338050 y direcci\u00f3n en: C\/ Alfonso G\u00f3mez, 30 \u2013 32, Lb1, 28037 \u2013 Madrid (Madrid), no puede asumir ninguna responsabilidad derivada del uso incorrecto, inapropiado o il\u00edcito de la informaci\u00f3n aparecida en las p\u00e1ginas web de: www.abcgonurseries.com Que Livinia Group S.L. consta inscrita en el Registro Mercantil [&hellip;]","og_url":"https:\/\/abcgonurseries.com\/en\/avisolegal\/","og_site_name":"ESCUELA INFANTIL 100% en ingl\u00e9s","article_modified_time":"2024-01-22T09:06:29+00:00","twitter_card":"summary_large_image","twitter_misc":{"Est. reading time":"3 minutes"},"schema":{"@context":"https:\/\/schema.org","@graph":[{"@type":"WebPage","@id":"https:\/\/abcgonurseries.com\/avisolegal\/","url":"https:\/\/abcgonurseries.com\/avisolegal\/","name":"Aviso Legal - ESCUELA INFANTIL 100% en ingl\u00e9s","isPartOf":{"@id":"https:\/\/abcgonurseries.com\/#website"},"datePublished":"2023-09-01T11:52:03+00:00","dateModified":"2024-01-22T09:06:29+00:00","breadcrumb":{"@id":"https:\/\/abcgonurseries.com\/avisolegal\/#breadcrumb"},"inLanguage":"en-US","potentialAction":[{"@type":"ReadAction","target":["https:\/\/abcgonurseries.com\/avisolegal\/"]}]},{"@type":"BreadcrumbList","@id":"https:\/\/abcgonurseries.com\/avisolegal\/#breadcrumb","itemListElement":[{"@type":"ListItem","position":1,"name":"Portada","item":"https:\/\/abcgonurseries.com\/"},{"@type":"ListItem","position":2,"name":"Aviso Legal"}]},{"@type":"WebSite","@id":"https:\/\/abcgonurseries.com\/#website","url":"https:\/\/abcgonurseries.com\/","name":"ESCUELA INFANTIL 100% en ingl\u00e9s","description":"Affordable  &amp; Quality English Education","publisher":{"@id":"https:\/\/abcgonurseries.com\/#organization"},"potentialAction":[{"@type":"SearchAction","target":{"@type":"EntryPoint","urlTemplate":"https:\/\/abcgonurseries.com\/?s={search_term_string}"},"query-input":{"@type":"PropertyValueSpecification","valueRequired":true,"valueName":"search_term_string"}}],"inLanguage":"en-US"},{"@type":"Organization","@id":"https:\/\/abcgonurseries.com\/#organization","name":"ESCUELA INFANTIL 100% en ingl\u00e9s","url":"https:\/\/abcgonurseries.com\/","logo":{"@type":"ImageObject","inLanguage":"en-US","@id":"https:\/\/abcgonurseries.com\/#\/schema\/logo\/image\/","url":"https:\/\/abcgonurseries.com\/wp-content\/uploads\/2023\/05\/LOGO.svg","contentUrl":"https:\/\/abcgonurseries.com\/wp-content\/uploads\/2023\/05\/LOGO.svg","caption":"ESCUELA INFANTIL 100% en ingl\u00e9s"},"image":{"@id":"https:\/\/abcgonurseries.com\/#\/schema\/logo\/image\/"}}]}},"_links":{"self":[{"href":"https:\/\/abcgonurseries.com\/en\/wp-json\/wp\/v2\/pages\/2726","targetHints":{"allow":["GET"]}}],"collection":[{"href":"https:\/\/abcgonurseries.com\/en\/wp-json\/wp\/v2\/pages"}],"about":[{"href":"https:\/\/abcgonurseries.com\/en\/wp-json\/wp\/v2\/types\/page"}],"author":[{"embeddable":true,"href":"https:\/\/abcgonurseries.com\/en\/wp-json\/wp\/v2\/users\/1"}],"replies":[{"embeddable":true,"href":"https:\/\/abcgonurseries.com\/en\/wp-json\/wp\/v2\/comments?post=2726"}],"version-history":[{"count":4,"href":"https:\/\/abcgonurseries.com\/en\/wp-json\/wp\/v2\/pages\/2726\/revisions"}],"predecessor-version":[{"id":2731,"href":"https:\/\/abcgonurseries.com\/en\/wp-json\/wp\/v2\/pages\/2726\/revisions\/2731"}],"wp:attachment":[{"href":"https:\/\/abcgonurseries.com\/en\/wp-json\/wp\/v2\/media?parent=2726"}],"curies":[{"name":"wp","href":"https:\/\/api.w.org\/{rel}","templated":true}]}}