{"id":2004,"date":"2023-05-18T16:30:03","date_gmt":"2023-05-18T16:30:03","guid":{"rendered":"https:\/\/abcgonurseries.com\/?page_id=2004"},"modified":"2023-06-10T11:43:01","modified_gmt":"2023-06-10T11:43:01","slug":"multi","status":"publish","type":"page","link":"https:\/\/abcgonurseries.com\/en\/multi\/","title":{"rendered":"Multi"},"content":{"rendered":"\t\t<div data-elementor-type=\"wp-page\" data-elementor-id=\"2004\" class=\"elementor elementor-2004\" data-elementor-post-type=\"page\">\n\t\t\t\t\t\t<section class=\"elementor-section elementor-top-section elementor-element elementor-element-3723f99 elementor-section-full_width elementor-section-height-min-height elementor-section-height-default elementor-section-items-middle\" data-id=\"3723f99\" data-element_type=\"section\" data-e-type=\"section\" data-settings=\"{&quot;background_background&quot;:&quot;classic&quot;}\">\n\t\t\t\t\t\t\t<div class=\"elementor-background-overlay\"><\/div>\n\t\t\t\t\t\t\t<div class=\"elementor-container elementor-column-gap-default\">\n\t\t\t\t\t<div class=\"elementor-column elementor-col-100 elementor-top-column elementor-element elementor-element-7c2caea\" data-id=\"7c2caea\" data-element_type=\"column\" data-e-type=\"column\">\n\t\t\t<div class=\"elementor-widget-wrap elementor-element-populated\">\n\t\t\t\t\t\t<section class=\"elementor-section elementor-inner-section elementor-element elementor-element-891da78 elementor-section-boxed elementor-section-height-default elementor-section-height-default\" data-id=\"891da78\" data-element_type=\"section\" data-e-type=\"section\" data-settings=\"{&quot;background_background&quot;:&quot;classic&quot;}\">\n\t\t\t\t\t\t<div class=\"elementor-container elementor-column-gap-default\">\n\t\t\t\t\t<div class=\"elementor-column elementor-col-50 elementor-inner-column elementor-element elementor-element-6b5ec33\" data-id=\"6b5ec33\" data-element_type=\"column\" data-e-type=\"column\">\n\t\t\t<div class=\"elementor-widget-wrap elementor-element-populated\">\n\t\t\t\t\t\t<div class=\"elementor-element elementor-element-a5a8088 elementor-widget elementor-widget-heading\" data-id=\"a5a8088\" data-element_type=\"widget\" data-e-type=\"widget\" data-widget_type=\"heading.default\">\n\t\t\t\t<div class=\"elementor-widget-container\">\n\t\t\t\t\t<h2 class=\"elementor-heading-title elementor-size-default\">AULA DE USOS \nM\u00daLTIPLES<\/h2>\t\t\t\t<\/div>\n\t\t\t\t<\/div>\n\t\t\t\t\t<\/div>\n\t\t<\/div>\n\t\t\t\t<div class=\"elementor-column elementor-col-50 elementor-inner-column elementor-element elementor-element-c41a781\" data-id=\"c41a781\" data-element_type=\"column\" data-e-type=\"column\">\n\t\t\t<div class=\"elementor-widget-wrap\">\n\t\t\t\t\t\t\t<\/div>\n\t\t<\/div>\n\t\t\t\t\t<\/div>\n\t\t<\/section>\n\t\t\t\t\t<\/div>\n\t\t<\/div>\n\t\t\t\t\t<\/div>\n\t\t<\/section>\n\t\t\t\t<section class=\"elementor-section elementor-top-section elementor-element elementor-element-0380c74 elementor-section-boxed elementor-section-height-default elementor-section-height-default\" data-id=\"0380c74\" data-element_type=\"section\" data-e-type=\"section\" data-settings=\"{&quot;background_background&quot;:&quot;classic&quot;}\">\n\t\t\t\t\t\t<div class=\"elementor-container elementor-column-gap-default\">\n\t\t\t\t\t<div class=\"elementor-column elementor-col-50 elementor-top-column elementor-element elementor-element-631fa80\" data-id=\"631fa80\" data-element_type=\"column\" data-e-type=\"column\">\n\t\t\t<div class=\"elementor-widget-wrap elementor-element-populated\">\n\t\t\t\t\t\t<div class=\"elementor-element elementor-element-a07adf8 elementor-widget elementor-widget-text-editor\" data-id=\"a07adf8\" data-element_type=\"widget\" data-e-type=\"widget\" data-widget_type=\"text-editor.default\">\n\t\t\t\t<div class=\"elementor-widget-container\">\n\t\t\t\t\t\t\t\t\t<p>Contamos con una amplia y luminosa sala, con todo el equipamiento necesario para desarrollar actividades l\u00fadicas y de psicomotricidad.<\/p><p>Con una gran mesa hidr\u00e1ulica plegable que se convierte en la zona de comedor para los ni\u00f1os de 2 a 3 a\u00f1os, a los que se inicia en el h\u00e1bito de desplazarse para comer en un lugar espec\u00edfico distinto al aula educativa, lo que favorece su adaptaci\u00f3n cuando se incorporan al colegio.<\/p>\t\t\t\t\t\t\t\t<\/div>\n\t\t\t\t<\/div>\n\t\t\t\t<div class=\"elementor-element elementor-element-70e70f6 elementor-align-justify elementor-widget elementor-widget-button\" data-id=\"70e70f6\" data-element_type=\"widget\" data-e-type=\"widget\" data-widget_type=\"button.default\">\n\t\t\t\t<div class=\"elementor-widget-container\">\n\t\t\t\t\t\t\t\t\t<div class=\"elementor-button-wrapper\">\n\t\t\t\t\t<a class=\"elementor-button elementor-button-link elementor-size-sm\" href=\"https:\/\/abcgonurseries.com\/porque-somos-diferentes\/#instalaciones\">\n\t\t\t\t\t\t<span class=\"elementor-button-content-wrapper\">\n\t\t\t\t\t\t\t\t\t<span class=\"elementor-button-text\">VER M\u00c1S INSTALACIONES<\/span>\n\t\t\t\t\t<\/span>\n\t\t\t\t\t<\/a>\n\t\t\t\t<\/div>\n\t\t\t\t\t\t\t\t<\/div>\n\t\t\t\t<\/div>\n\t\t\t\t\t<\/div>\n\t\t<\/div>\n\t\t\t\t<div class=\"elementor-column elementor-col-50 elementor-top-column elementor-element elementor-element-0bd8adb\" data-id=\"0bd8adb\" data-element_type=\"column\" data-e-type=\"column\">\n\t\t\t<div class=\"elementor-widget-wrap elementor-element-populated\">\n\t\t\t\t\t\t<div class=\"elementor-element elementor-element-af8f55a elementor-widget elementor-widget-image\" data-id=\"af8f55a\" data-element_type=\"widget\" data-e-type=\"widget\" data-widget_type=\"image.default\">\n\t\t\t\t<div class=\"elementor-widget-container\">\n\t\t\t\t\t\t\t\t\t\t\t\t\t\t\t<img fetchpriority=\"high\" decoding=\"async\" width=\"904\" height=\"904\" src=\"https:\/\/abcgonurseries.com\/wp-content\/uploads\/2023\/05\/Group-multi.png\" class=\"attachment-full size-full wp-image-2449\" alt=\"\" srcset=\"https:\/\/abcgonurseries.com\/wp-content\/uploads\/2023\/05\/Group-multi.png 904w, https:\/\/abcgonurseries.com\/wp-content\/uploads\/2023\/05\/Group-multi-300x300.png 300w, https:\/\/abcgonurseries.com\/wp-content\/uploads\/2023\/05\/Group-multi-100x100.png 100w, https:\/\/abcgonurseries.com\/wp-content\/uploads\/2023\/05\/Group-multi-600x600.png 600w, https:\/\/abcgonurseries.com\/wp-content\/uploads\/2023\/05\/Group-multi-150x150.png 150w, https:\/\/abcgonurseries.com\/wp-content\/uploads\/2023\/05\/Group-multi-768x768.png 768w, https:\/\/abcgonurseries.com\/wp-content\/uploads\/2023\/05\/Group-multi-12x12.png 12w\" sizes=\"(max-width: 904px) 100vw, 904px\" \/>\t\t\t\t\t\t\t\t\t\t\t\t\t\t\t<\/div>\n\t\t\t\t<\/div>\n\t\t\t\t\t<\/div>\n\t\t<\/div>\n\t\t\t\t\t<\/div>\n\t\t<\/section>\n\t\t\t\t<section class=\"elementor-section elementor-top-section elementor-element elementor-element-a636f58 elementor-section-boxed elementor-section-height-default elementor-section-height-default\" data-id=\"a636f58\" data-element_type=\"section\" data-e-type=\"section\" data-settings=\"{&quot;background_background&quot;:&quot;classic&quot;}\">\n\t\t\t\t\t\t<div class=\"elementor-container elementor-column-gap-default\">\n\t\t\t\t\t<div class=\"elementor-column elementor-col-100 elementor-top-column elementor-element elementor-element-fd499ce\" data-id=\"fd499ce\" data-element_type=\"column\" data-e-type=\"column\">\n\t\t\t<div class=\"elementor-widget-wrap elementor-element-populated\">\n\t\t\t\t\t\t<section class=\"elementor-section elementor-inner-section elementor-element elementor-element-fc9bcb4 elementor-section-full_width elementor-section-height-default elementor-section-height-default\" data-id=\"fc9bcb4\" data-element_type=\"section\" data-e-type=\"section\">\n\t\t\t\t\t\t<div class=\"elementor-container elementor-column-gap-default\">\n\t\t\t\t\t<div class=\"elementor-column elementor-col-100 elementor-inner-column elementor-element elementor-element-559e2ca\" data-id=\"559e2ca\" data-element_type=\"column\" data-e-type=\"column\">\n\t\t\t<div class=\"elementor-widget-wrap elementor-element-populated\">\n\t\t\t\t\t\t<div class=\"elementor-element elementor-element-f9895ea elementor-widget elementor-widget-ucaddon_uc_grid_image_theme\" data-id=\"f9895ea\" data-element_type=\"widget\" data-e-type=\"widget\" data-widget_type=\"ucaddon_uc_grid_image_theme.default\">\n\t\t\t\t<div class=\"elementor-widget-container\">\n\t\t\t\t\t\n<!-- start Grid Gallery -->\n\t\t<link id='unitegallery-css' href='https:\/\/abcgonurseries.com\/wp-content\/plugins\/unlimited-elements-for-elementor-premium\/assets_libraries\/unitegallery\/css\/unite-gallery.css' type='text\/css' rel='stylesheet' >\n\n\n<div id=\"uc_uc_grid_image_theme_elementor_f9895ea\" class=\"uc-items-wrapper  \" style=\"display:none; margin:0 auto;\"  data-remote-type=\"gallery\" data-custom-sethtml=\"true\" >\n\n\n<img decoding=\"async\" alt=\"Rectangle 2 (4)\"\n   src=\"https:\/\/abcgonurseries.com\/wp-content\/uploads\/2023\/05\/Rectangle-2-4.png\"\n    data-image=\"https:\/\/abcgonurseries.com\/wp-content\/uploads\/2023\/05\/Rectangle-2-4.png\"\n    data-title=\"Rectangle 2 (4)\">\n\n<img decoding=\"async\" alt=\"Rectangle 3 (8)\"\n   src=\"https:\/\/abcgonurseries.com\/wp-content\/uploads\/2023\/05\/Rectangle-3-8.png\"\n    data-image=\"https:\/\/abcgonurseries.com\/wp-content\/uploads\/2023\/05\/Rectangle-3-8.png\"\n    data-title=\"Rectangle 3 (8)\">\n\n<img decoding=\"async\" alt=\"Rectangle 3 (9)\"\n   src=\"https:\/\/abcgonurseries.com\/wp-content\/uploads\/2023\/05\/Rectangle-3-9-e1700558110677.png\"\n    data-image=\"https:\/\/abcgonurseries.com\/wp-content\/uploads\/2023\/05\/Rectangle-3-9-e1700558110677.png\"\n    data-title=\"Rectangle 3 (9)\">\n\n<img decoding=\"async\" alt=\"Rectangle 5 (8)\"\n   src=\"https:\/\/abcgonurseries.com\/wp-content\/uploads\/2023\/05\/Rectangle-5-8.png\"\n    data-image=\"https:\/\/abcgonurseries.com\/wp-content\/uploads\/2023\/05\/Rectangle-5-8.png\"\n    data-title=\"Rectangle 5 (8)\">\n\n\n<\/div>\n<!-- end Grid Gallery -->\t\t\t\t<\/div>\n\t\t\t\t<\/div>\n\t\t\t\t\t<\/div>\n\t\t<\/div>\n\t\t\t\t\t<\/div>\n\t\t<\/section>\n\t\t\t\t\t<\/div>\n\t\t<\/div>\n\t\t\t\t\t<\/div>\n\t\t<\/section>\n\t\t\t\t<section class=\"elementor-section elementor-top-section elementor-element elementor-element-45eb360 elementor-section-boxed elementor-section-height-default elementor-section-height-default\" data-id=\"45eb360\" data-element_type=\"section\" data-e-type=\"section\" data-settings=\"{&quot;background_background&quot;:&quot;classic&quot;}\">\n\t\t\t\t\t\t<div class=\"elementor-container elementor-column-gap-default\">\n\t\t\t\t\t<div class=\"elementor-column elementor-col-100 elementor-top-column elementor-element elementor-element-eca3812\" data-id=\"eca3812\" data-element_type=\"column\" data-e-type=\"column\">\n\t\t\t<div class=\"elementor-widget-wrap elementor-element-populated\">\n\t\t\t\t\t\t<section class=\"elementor-section elementor-inner-section elementor-element elementor-element-5466c1f elementor-section-boxed elementor-section-height-default elementor-section-height-default\" data-id=\"5466c1f\" data-element_type=\"section\" data-e-type=\"section\">\n\t\t\t\t\t\t<div class=\"elementor-container elementor-column-gap-extended\">\n\t\t\t\t\t<div class=\"elementor-column elementor-col-50 elementor-inner-column elementor-element elementor-element-9ff1ae4\" data-id=\"9ff1ae4\" data-element_type=\"column\" data-e-type=\"column\">\n\t\t\t<div class=\"elementor-widget-wrap elementor-element-populated\">\n\t\t\t\t\t\t<div class=\"elementor-element elementor-element-a5e6622 elementor-widget__width-initial elementor-widget elementor-widget-heading\" data-id=\"a5e6622\" data-element_type=\"widget\" data-e-type=\"widget\" data-widget_type=\"heading.default\">\n\t\t\t\t<div class=\"elementor-widget-container\">\n\t\t\t\t\t<h2 class=\"elementor-heading-title elementor-size-default\">CONT\u00c1CTANOS <br>\n644 200 054<\/h2>\t\t\t\t<\/div>\n\t\t\t\t<\/div>\n\t\t\t\t<div class=\"elementor-element elementor-element-42c4aed elementor-widget__width-initial elementor-widget elementor-widget-heading\" data-id=\"42c4aed\" data-element_type=\"widget\" data-e-type=\"widget\" data-widget_type=\"heading.default\">\n\t\t\t\t<div class=\"elementor-widget-container\">\n\t\t\t\t\t<h2 class=\"elementor-heading-title elementor-size-default\">Affordable \n&amp; Quality English Education<\/h2>\t\t\t\t<\/div>\n\t\t\t\t<\/div>\n\t\t\t\t\t<\/div>\n\t\t<\/div>\n\t\t\t\t<div class=\"elementor-column elementor-col-50 elementor-inner-column elementor-element elementor-element-f47e7e2\" data-id=\"f47e7e2\" data-element_type=\"column\" data-e-type=\"column\">\n\t\t\t<div class=\"elementor-widget-wrap elementor-element-populated\">\n\t\t\t\t\t\t<div class=\"elementor-element elementor-element-ce2e5c0 elementor-widget elementor-widget-template\" data-id=\"ce2e5c0\" data-element_type=\"widget\" data-e-type=\"widget\" data-widget_type=\"template.default\">\n\t\t\t\t<div class=\"elementor-widget-container\">\n\t\t\t\t\t\t\t<div class=\"elementor-template\">\n\t\t\t\t\t<div data-elementor-type=\"section\" data-elementor-id=\"2680\" class=\"elementor elementor-2680\" data-elementor-post-type=\"elementor_library\">\n\t\t\t\t\t<section class=\"elementor-section elementor-top-section elementor-element elementor-element-19f7e8e elementor-section-boxed elementor-section-height-default elementor-section-height-default\" data-id=\"19f7e8e\" data-element_type=\"section\" data-e-type=\"section\">\n\t\t\t\t\t\t<div class=\"elementor-container elementor-column-gap-default\">\n\t\t\t\t\t<div class=\"elementor-column elementor-col-100 elementor-top-column elementor-element elementor-element-ed83e54\" data-id=\"ed83e54\" data-element_type=\"column\" data-e-type=\"column\">\n\t\t\t<div class=\"elementor-widget-wrap elementor-element-populated\">\n\t\t\t\t\t\t<div class=\"elementor-element elementor-element-3a91a37 elementor-button-align-stretch elementor-widget elementor-widget-form\" data-id=\"3a91a37\" data-element_type=\"widget\" data-e-type=\"widget\" data-settings=\"{&quot;step_next_label&quot;:&quot;Siguiente&quot;,&quot;step_previous_label&quot;:&quot;Anterior&quot;,&quot;button_width&quot;:&quot;100&quot;,&quot;step_type&quot;:&quot;number_text&quot;,&quot;step_icon_shape&quot;:&quot;circle&quot;}\" data-widget_type=\"form.default\">\n\t\t\t\t<div class=\"elementor-widget-container\">\n\t\t\t\t\t\t\t<form class=\"elementor-form\" method=\"post\" name=\"Nuevo formulario\" aria-label=\"Nuevo formulario\">\n\t\t\t<input type=\"hidden\" name=\"post_id\" value=\"2680\"\/>\n\t\t\t<input type=\"hidden\" name=\"form_id\" value=\"3a91a37\"\/>\n\t\t\t<input type=\"hidden\" name=\"referer_title\" value=\"Escuela Infantil Ingl\u00e9s\/\/ M\u00e9todo ABC&amp;Go\/\/ Hijos felices\" \/>\n\n\t\t\t\t\t\t\t<input type=\"hidden\" name=\"queried_id\" value=\"2\"\/>\n\t\t\t\n\t\t\t<div class=\"elementor-form-fields-wrapper elementor-labels-\">\n\t\t\t\t\t\t\t\t<div class=\"elementor-field-type-text elementor-field-group elementor-column elementor-field-group-name elementor-col-100\">\n\t\t\t\t\t\t\t\t\t\t\t\t<label for=\"form-field-name\" class=\"elementor-field-label elementor-screen-only\">\n\t\t\t\t\t\t\t\tNombre\t\t\t\t\t\t\t<\/label>\n\t\t\t\t\t\t\t\t\t\t\t\t\t\t<input size=\"1\" type=\"text\" name=\"form_fields[name]\" id=\"form-field-name\" class=\"elementor-field elementor-size-sm  elementor-field-textual\" placeholder=\"Nombre\">\n\t\t\t\t\t\t\t\t\t\t\t<\/div>\n\t\t\t\t\t\t\t\t<div class=\"elementor-field-type-email elementor-field-group elementor-column elementor-field-group-email elementor-col-100 elementor-field-required\">\n\t\t\t\t\t\t\t\t\t\t\t\t<label for=\"form-field-email\" class=\"elementor-field-label elementor-screen-only\">\n\t\t\t\t\t\t\t\tCorreo electr\u00f3nico\t\t\t\t\t\t\t<\/label>\n\t\t\t\t\t\t\t\t\t\t\t\t\t\t<input size=\"1\" type=\"email\" name=\"form_fields[email]\" id=\"form-field-email\" class=\"elementor-field elementor-size-sm  elementor-field-textual\" placeholder=\"Correo electr\u00f3nico\" required=\"required\">\n\t\t\t\t\t\t\t\t\t\t\t<\/div>\n\t\t\t\t\t\t\t\t<div class=\"elementor-field-type-textarea elementor-field-group elementor-column elementor-field-group-message elementor-col-100\">\n\t\t\t\t\t\t\t\t\t\t\t\t<label for=\"form-field-message\" class=\"elementor-field-label elementor-screen-only\">\n\t\t\t\t\t\t\t\tMensaje\t\t\t\t\t\t\t<\/label>\n\t\t\t\t\t\t<textarea class=\"elementor-field-textual elementor-field  elementor-size-sm\" name=\"form_fields[message]\" id=\"form-field-message\" rows=\"4\" placeholder=\"Mensaje\"><\/textarea>\t\t\t\t<\/div>\n\t\t\t\t\t\t\t\t<div class=\"elementor-field-type-recaptcha_v3 elementor-field-group elementor-column elementor-field-group-field_7ac93ff elementor-col-100 recaptcha_v3-bottomright\">\n\t\t\t\t\t<div class=\"elementor-field\" id=\"form-field-field_7ac93ff\"><div class=\"elementor-g-recaptcha\" data-sitekey=\"6LdnWJYUAAAAALbScqfg5WQi2-vY7hJsysbJPlv4\" data-type=\"v3\" data-action=\"Form\" data-badge=\"bottomright\" data-size=\"invisible\"><\/div><\/div>\t\t\t\t<\/div>\n\t\t\t\t\t\t\t\t<div class=\"elementor-field-group elementor-column elementor-field-type-submit elementor-col-100 e-form__buttons\">\n\t\t\t\t\t<button class=\"elementor-button elementor-size-sm\" type=\"submit\">\n\t\t\t\t\t\t<span class=\"elementor-button-content-wrapper\">\n\t\t\t\t\t\t\t\t\t\t\t\t\t\t\t\t\t\t\t\t\t\t<span class=\"elementor-button-text\">Enviar<\/span>\n\t\t\t\t\t\t\t\t\t\t\t\t\t<\/span>\n\t\t\t\t\t<\/button>\n\t\t\t\t<\/div>\n\t\t\t<\/div>\n\t\t<\/form>\n\t\t\t\t\t\t<\/div>\n\t\t\t\t<\/div>\n\t\t\t\t\t<\/div>\n\t\t<\/div>\n\t\t\t\t\t<\/div>\n\t\t<\/section>\n\t\t\t\t<\/div>\n\t\t\t\t<\/div>\n\t\t\t\t\t\t<\/div>\n\t\t\t\t<\/div>\n\t\t\t\t\t<\/div>\n\t\t<\/div>\n\t\t\t\t\t<\/div>\n\t\t<\/section>\n\t\t\t\t\t<\/div>\n\t\t<\/div>\n\t\t\t\t\t<\/div>\n\t\t<\/section>\n\t\t\t\t<\/div>\n\t\t","protected":false},"excerpt":{"rendered":"<p>AULA DE USOS M\u00daLTIPLES Contamos con una amplia y luminosa sala, con todo el equipamiento necesario para desarrollar actividades l\u00fadicas y de psicomotricidad. Con una gran mesa hidr\u00e1ulica plegable que se convierte en la zona de comedor para los ni\u00f1os de 2 a 3 a\u00f1os, a los que se inicia en el h\u00e1bito de desplazarse [&hellip;]<\/p>\n","protected":false},"author":1,"featured_media":0,"parent":0,"menu_order":0,"comment_status":"closed","ping_status":"closed","template":"elementor_header_footer","meta":{"_acf_changed":false,"footnotes":""},"class_list":["post-2004","page","type-page","status-publish","hentry"],"acf":[],"yoast_head":"<!-- This site is optimized with the Yoast SEO plugin v27.3 - https:\/\/yoast.com\/product\/yoast-seo-wordpress\/ -->\n<title>Multi - ESCUELA INFANTIL 100% en ingl\u00e9s<\/title>\n<meta name=\"robots\" content=\"index, follow, max-snippet:-1, max-image-preview:large, max-video-preview:-1\" \/>\n<link rel=\"canonical\" href=\"https:\/\/abcgonurseries.com\/en\/multi\/\" \/>\n<meta property=\"og:locale\" content=\"en_US\" \/>\n<meta property=\"og:type\" content=\"article\" \/>\n<meta property=\"og:title\" content=\"Multi - ESCUELA INFANTIL 100% en ingl\u00e9s\" \/>\n<meta property=\"og:description\" content=\"AULA DE USOS M\u00daLTIPLES Contamos con una amplia y luminosa sala, con todo el equipamiento necesario para desarrollar actividades l\u00fadicas y de psicomotricidad. Con una gran mesa hidr\u00e1ulica plegable que se convierte en la zona de comedor para los ni\u00f1os de 2 a 3 a\u00f1os, a los que se inicia en el h\u00e1bito de desplazarse [&hellip;]\" \/>\n<meta property=\"og:url\" content=\"https:\/\/abcgonurseries.com\/en\/multi\/\" \/>\n<meta property=\"og:site_name\" content=\"ESCUELA INFANTIL 100% en ingl\u00e9s\" \/>\n<meta property=\"article:modified_time\" content=\"2023-06-10T11:43:01+00:00\" \/>\n<meta property=\"og:image\" content=\"https:\/\/abcgonurseries.com\/wp-content\/uploads\/2023\/05\/Group-multi.png\" \/>\n<meta name=\"twitter:card\" content=\"summary_large_image\" \/>\n<script type=\"application\/ld+json\" class=\"yoast-schema-graph\">{\"@context\":\"https:\\\/\\\/schema.org\",\"@graph\":[{\"@type\":\"WebPage\",\"@id\":\"https:\\\/\\\/abcgonurseries.com\\\/multi\\\/\",\"url\":\"https:\\\/\\\/abcgonurseries.com\\\/multi\\\/\",\"name\":\"Multi - ESCUELA INFANTIL 100% en ingl\u00e9s\",\"isPartOf\":{\"@id\":\"https:\\\/\\\/abcgonurseries.com\\\/#website\"},\"primaryImageOfPage\":{\"@id\":\"https:\\\/\\\/abcgonurseries.com\\\/multi\\\/#primaryimage\"},\"image\":{\"@id\":\"https:\\\/\\\/abcgonurseries.com\\\/multi\\\/#primaryimage\"},\"thumbnailUrl\":\"https:\\\/\\\/abcgonurseries.com\\\/wp-content\\\/uploads\\\/2023\\\/05\\\/Group-multi.png\",\"datePublished\":\"2023-05-18T16:30:03+00:00\",\"dateModified\":\"2023-06-10T11:43:01+00:00\",\"breadcrumb\":{\"@id\":\"https:\\\/\\\/abcgonurseries.com\\\/multi\\\/#breadcrumb\"},\"inLanguage\":\"en-US\",\"potentialAction\":[{\"@type\":\"ReadAction\",\"target\":[\"https:\\\/\\\/abcgonurseries.com\\\/multi\\\/\"]}]},{\"@type\":\"ImageObject\",\"inLanguage\":\"en-US\",\"@id\":\"https:\\\/\\\/abcgonurseries.com\\\/multi\\\/#primaryimage\",\"url\":\"https:\\\/\\\/abcgonurseries.com\\\/wp-content\\\/uploads\\\/2023\\\/05\\\/Group-multi.png\",\"contentUrl\":\"https:\\\/\\\/abcgonurseries.com\\\/wp-content\\\/uploads\\\/2023\\\/05\\\/Group-multi.png\"},{\"@type\":\"BreadcrumbList\",\"@id\":\"https:\\\/\\\/abcgonurseries.com\\\/multi\\\/#breadcrumb\",\"itemListElement\":[{\"@type\":\"ListItem\",\"position\":1,\"name\":\"Portada\",\"item\":\"https:\\\/\\\/abcgonurseries.com\\\/\"},{\"@type\":\"ListItem\",\"position\":2,\"name\":\"Multi\"}]},{\"@type\":\"WebSite\",\"@id\":\"https:\\\/\\\/abcgonurseries.com\\\/#website\",\"url\":\"https:\\\/\\\/abcgonurseries.com\\\/\",\"name\":\"ESCUELA INFANTIL 100% en ingl\u00e9s\",\"description\":\"Affordable  &amp; Quality English Education\",\"publisher\":{\"@id\":\"https:\\\/\\\/abcgonurseries.com\\\/#organization\"},\"potentialAction\":[{\"@type\":\"SearchAction\",\"target\":{\"@type\":\"EntryPoint\",\"urlTemplate\":\"https:\\\/\\\/abcgonurseries.com\\\/?s={search_term_string}\"},\"query-input\":{\"@type\":\"PropertyValueSpecification\",\"valueRequired\":true,\"valueName\":\"search_term_string\"}}],\"inLanguage\":\"en-US\"},{\"@type\":\"Organization\",\"@id\":\"https:\\\/\\\/abcgonurseries.com\\\/#organization\",\"name\":\"ESCUELA INFANTIL 100% en ingl\u00e9s\",\"url\":\"https:\\\/\\\/abcgonurseries.com\\\/\",\"logo\":{\"@type\":\"ImageObject\",\"inLanguage\":\"en-US\",\"@id\":\"https:\\\/\\\/abcgonurseries.com\\\/#\\\/schema\\\/logo\\\/image\\\/\",\"url\":\"https:\\\/\\\/abcgonurseries.com\\\/wp-content\\\/uploads\\\/2023\\\/05\\\/LOGO.svg\",\"contentUrl\":\"https:\\\/\\\/abcgonurseries.com\\\/wp-content\\\/uploads\\\/2023\\\/05\\\/LOGO.svg\",\"caption\":\"ESCUELA INFANTIL 100% en ingl\u00e9s\"},\"image\":{\"@id\":\"https:\\\/\\\/abcgonurseries.com\\\/#\\\/schema\\\/logo\\\/image\\\/\"}}]}<\/script>\n<!-- \/ Yoast SEO plugin. -->","yoast_head_json":{"title":"Multi - ESCUELA INFANTIL 100% en ingl\u00e9s","robots":{"index":"index","follow":"follow","max-snippet":"max-snippet:-1","max-image-preview":"max-image-preview:large","max-video-preview":"max-video-preview:-1"},"canonical":"https:\/\/abcgonurseries.com\/en\/multi\/","og_locale":"en_US","og_type":"article","og_title":"Multi - ESCUELA INFANTIL 100% en ingl\u00e9s","og_description":"AULA DE USOS M\u00daLTIPLES Contamos con una amplia y luminosa sala, con todo el equipamiento necesario para desarrollar actividades l\u00fadicas y de psicomotricidad. Con una gran mesa hidr\u00e1ulica plegable que se convierte en la zona de comedor para los ni\u00f1os de 2 a 3 a\u00f1os, a los que se inicia en el h\u00e1bito de desplazarse [&hellip;]","og_url":"https:\/\/abcgonurseries.com\/en\/multi\/","og_site_name":"ESCUELA INFANTIL 100% en ingl\u00e9s","article_modified_time":"2023-06-10T11:43:01+00:00","og_image":[{"url":"https:\/\/abcgonurseries.com\/wp-content\/uploads\/2023\/05\/Group-multi.png","type":"","width":"","height":""}],"twitter_card":"summary_large_image","schema":{"@context":"https:\/\/schema.org","@graph":[{"@type":"WebPage","@id":"https:\/\/abcgonurseries.com\/multi\/","url":"https:\/\/abcgonurseries.com\/multi\/","name":"Multi - ESCUELA INFANTIL 100% en ingl\u00e9s","isPartOf":{"@id":"https:\/\/abcgonurseries.com\/#website"},"primaryImageOfPage":{"@id":"https:\/\/abcgonurseries.com\/multi\/#primaryimage"},"image":{"@id":"https:\/\/abcgonurseries.com\/multi\/#primaryimage"},"thumbnailUrl":"https:\/\/abcgonurseries.com\/wp-content\/uploads\/2023\/05\/Group-multi.png","datePublished":"2023-05-18T16:30:03+00:00","dateModified":"2023-06-10T11:43:01+00:00","breadcrumb":{"@id":"https:\/\/abcgonurseries.com\/multi\/#breadcrumb"},"inLanguage":"en-US","potentialAction":[{"@type":"ReadAction","target":["https:\/\/abcgonurseries.com\/multi\/"]}]},{"@type":"ImageObject","inLanguage":"en-US","@id":"https:\/\/abcgonurseries.com\/multi\/#primaryimage","url":"https:\/\/abcgonurseries.com\/wp-content\/uploads\/2023\/05\/Group-multi.png","contentUrl":"https:\/\/abcgonurseries.com\/wp-content\/uploads\/2023\/05\/Group-multi.png"},{"@type":"BreadcrumbList","@id":"https:\/\/abcgonurseries.com\/multi\/#breadcrumb","itemListElement":[{"@type":"ListItem","position":1,"name":"Portada","item":"https:\/\/abcgonurseries.com\/"},{"@type":"ListItem","position":2,"name":"Multi"}]},{"@type":"WebSite","@id":"https:\/\/abcgonurseries.com\/#website","url":"https:\/\/abcgonurseries.com\/","name":"ESCUELA INFANTIL 100% en ingl\u00e9s","description":"Affordable  &amp; Quality English Education","publisher":{"@id":"https:\/\/abcgonurseries.com\/#organization"},"potentialAction":[{"@type":"SearchAction","target":{"@type":"EntryPoint","urlTemplate":"https:\/\/abcgonurseries.com\/?s={search_term_string}"},"query-input":{"@type":"PropertyValueSpecification","valueRequired":true,"valueName":"search_term_string"}}],"inLanguage":"en-US"},{"@type":"Organization","@id":"https:\/\/abcgonurseries.com\/#organization","name":"ESCUELA INFANTIL 100% en ingl\u00e9s","url":"https:\/\/abcgonurseries.com\/","logo":{"@type":"ImageObject","inLanguage":"en-US","@id":"https:\/\/abcgonurseries.com\/#\/schema\/logo\/image\/","url":"https:\/\/abcgonurseries.com\/wp-content\/uploads\/2023\/05\/LOGO.svg","contentUrl":"https:\/\/abcgonurseries.com\/wp-content\/uploads\/2023\/05\/LOGO.svg","caption":"ESCUELA INFANTIL 100% en ingl\u00e9s"},"image":{"@id":"https:\/\/abcgonurseries.com\/#\/schema\/logo\/image\/"}}]}},"_links":{"self":[{"href":"https:\/\/abcgonurseries.com\/en\/wp-json\/wp\/v2\/pages\/2004","targetHints":{"allow":["GET"]}}],"collection":[{"href":"https:\/\/abcgonurseries.com\/en\/wp-json\/wp\/v2\/pages"}],"about":[{"href":"https:\/\/abcgonurseries.com\/en\/wp-json\/wp\/v2\/types\/page"}],"author":[{"embeddable":true,"href":"https:\/\/abcgonurseries.com\/en\/wp-json\/wp\/v2\/users\/1"}],"replies":[{"embeddable":true,"href":"https:\/\/abcgonurseries.com\/en\/wp-json\/wp\/v2\/comments?post=2004"}],"version-history":[{"count":52,"href":"https:\/\/abcgonurseries.com\/en\/wp-json\/wp\/v2\/pages\/2004\/revisions"}],"predecessor-version":[{"id":2712,"href":"https:\/\/abcgonurseries.com\/en\/wp-json\/wp\/v2\/pages\/2004\/revisions\/2712"}],"wp:attachment":[{"href":"https:\/\/abcgonurseries.com\/en\/wp-json\/wp\/v2\/media?parent=2004"}],"curies":[{"name":"wp","href":"https:\/\/api.w.org\/{rel}","templated":true}]}}