{"id":1987,"date":"2023-05-18T16:12:42","date_gmt":"2023-05-18T16:12:42","guid":{"rendered":"https:\/\/abcgonurseries.com\/?page_id=1987"},"modified":"2023-06-10T11:42:21","modified_gmt":"2023-06-10T11:42:21","slug":"go","status":"publish","type":"page","link":"https:\/\/abcgonurseries.com\/en\/go\/","title":{"rendered":"Go"},"content":{"rendered":"\t\t<div data-elementor-type=\"wp-page\" data-elementor-id=\"1987\" class=\"elementor elementor-1987\" data-elementor-post-type=\"page\">\n\t\t\t\t\t\t<section class=\"elementor-section elementor-top-section elementor-element elementor-element-8f62569 elementor-section-full_width elementor-section-height-min-height elementor-section-height-default elementor-section-items-middle\" data-id=\"8f62569\" data-element_type=\"section\" data-e-type=\"section\" data-settings=\"{&quot;background_background&quot;:&quot;classic&quot;}\">\n\t\t\t\t\t\t\t<div class=\"elementor-background-overlay\"><\/div>\n\t\t\t\t\t\t\t<div class=\"elementor-container elementor-column-gap-default\">\n\t\t\t\t\t<div class=\"elementor-column elementor-col-100 elementor-top-column elementor-element elementor-element-ed03382\" data-id=\"ed03382\" data-element_type=\"column\" data-e-type=\"column\">\n\t\t\t<div class=\"elementor-widget-wrap elementor-element-populated\">\n\t\t\t\t\t\t<section class=\"elementor-section elementor-inner-section elementor-element elementor-element-35e168a elementor-section-boxed elementor-section-height-default elementor-section-height-default\" data-id=\"35e168a\" data-element_type=\"section\" data-e-type=\"section\" data-settings=\"{&quot;background_background&quot;:&quot;classic&quot;}\">\n\t\t\t\t\t\t<div class=\"elementor-container elementor-column-gap-default\">\n\t\t\t\t\t<div class=\"elementor-column elementor-col-50 elementor-inner-column elementor-element elementor-element-4fd35f2\" data-id=\"4fd35f2\" data-element_type=\"column\" data-e-type=\"column\">\n\t\t\t<div class=\"elementor-widget-wrap elementor-element-populated\">\n\t\t\t\t\t\t<div class=\"elementor-element elementor-element-dd0f974 elementor-widget elementor-widget-heading\" data-id=\"dd0f974\" data-element_type=\"widget\" data-e-type=\"widget\" data-widget_type=\"heading.default\">\n\t\t\t\t<div class=\"elementor-widget-container\">\n\t\t\t\t\t<h2 class=\"elementor-heading-title elementor-size-default\">AULA DE 2 A 3 A\u00d1OS<\/h2>\t\t\t\t<\/div>\n\t\t\t\t<\/div>\n\t\t\t\t\t<\/div>\n\t\t<\/div>\n\t\t\t\t<div class=\"elementor-column elementor-col-50 elementor-inner-column elementor-element elementor-element-5472c38\" data-id=\"5472c38\" data-element_type=\"column\" data-e-type=\"column\">\n\t\t\t<div class=\"elementor-widget-wrap\">\n\t\t\t\t\t\t\t<\/div>\n\t\t<\/div>\n\t\t\t\t\t<\/div>\n\t\t<\/section>\n\t\t\t\t\t<\/div>\n\t\t<\/div>\n\t\t\t\t\t<\/div>\n\t\t<\/section>\n\t\t\t\t<section class=\"elementor-section elementor-top-section elementor-element elementor-element-334f86e elementor-section-boxed elementor-section-height-default elementor-section-height-default\" data-id=\"334f86e\" data-element_type=\"section\" data-e-type=\"section\" data-settings=\"{&quot;background_background&quot;:&quot;classic&quot;}\">\n\t\t\t\t\t\t<div class=\"elementor-container elementor-column-gap-default\">\n\t\t\t\t\t<div class=\"elementor-column elementor-col-50 elementor-top-column elementor-element elementor-element-cf7e3c6\" data-id=\"cf7e3c6\" data-element_type=\"column\" data-e-type=\"column\">\n\t\t\t<div class=\"elementor-widget-wrap elementor-element-populated\">\n\t\t\t\t\t\t<div class=\"elementor-element elementor-element-adda1ea elementor-widget elementor-widget-text-editor\" data-id=\"adda1ea\" data-element_type=\"widget\" data-e-type=\"widget\" data-widget_type=\"text-editor.default\">\n\t\t\t\t<div class=\"elementor-widget-container\">\n\t\t\t\t\t\t\t\t\t<p>En el aula de los mayores contamos con mesas de trabajo cuadradas y sillas antivuelco, y con todo el material educativo para el trabajo diario as\u00ed como una pizarra digital.<\/p><p>Contamos con un aseo infantil con sanitarios adaptados donde los ni\u00f1os afianzar\u00e1n los h\u00e1bitos higi\u00e9nicos que ya ser\u00e1n parte de sus vidas cuando se incorporen al colegio.<\/p>\t\t\t\t\t\t\t\t<\/div>\n\t\t\t\t<\/div>\n\t\t\t\t<div class=\"elementor-element elementor-element-5ad70c7 elementor-align-justify elementor-widget elementor-widget-button\" data-id=\"5ad70c7\" data-element_type=\"widget\" data-e-type=\"widget\" data-widget_type=\"button.default\">\n\t\t\t\t<div class=\"elementor-widget-container\">\n\t\t\t\t\t\t\t\t\t<div class=\"elementor-button-wrapper\">\n\t\t\t\t\t<a class=\"elementor-button elementor-button-link elementor-size-sm\" href=\"https:\/\/abcgonurseries.com\/porque-somos-diferentes\/#instalaciones\">\n\t\t\t\t\t\t<span class=\"elementor-button-content-wrapper\">\n\t\t\t\t\t\t\t\t\t<span class=\"elementor-button-text\">VER M\u00c1S INSTALACIONES<\/span>\n\t\t\t\t\t<\/span>\n\t\t\t\t\t<\/a>\n\t\t\t\t<\/div>\n\t\t\t\t\t\t\t\t<\/div>\n\t\t\t\t<\/div>\n\t\t\t\t\t<\/div>\n\t\t<\/div>\n\t\t\t\t<div class=\"elementor-column elementor-col-50 elementor-top-column elementor-element elementor-element-1080ddc\" data-id=\"1080ddc\" data-element_type=\"column\" data-e-type=\"column\">\n\t\t\t<div class=\"elementor-widget-wrap elementor-element-populated\">\n\t\t\t\t\t\t<div class=\"elementor-element elementor-element-7bbea06 elementor-widget elementor-widget-image\" data-id=\"7bbea06\" data-element_type=\"widget\" data-e-type=\"widget\" data-widget_type=\"image.default\">\n\t\t\t\t<div class=\"elementor-widget-container\">\n\t\t\t\t\t\t\t\t\t\t\t\t\t\t\t<img fetchpriority=\"high\" decoding=\"async\" width=\"904\" height=\"904\" src=\"https:\/\/abcgonurseries.com\/wp-content\/uploads\/2023\/05\/Group-go.png\" class=\"attachment-full size-full wp-image-2445\" alt=\"\" srcset=\"https:\/\/abcgonurseries.com\/wp-content\/uploads\/2023\/05\/Group-go.png 904w, https:\/\/abcgonurseries.com\/wp-content\/uploads\/2023\/05\/Group-go-300x300.png 300w, https:\/\/abcgonurseries.com\/wp-content\/uploads\/2023\/05\/Group-go-100x100.png 100w, https:\/\/abcgonurseries.com\/wp-content\/uploads\/2023\/05\/Group-go-600x600.png 600w, https:\/\/abcgonurseries.com\/wp-content\/uploads\/2023\/05\/Group-go-150x150.png 150w, https:\/\/abcgonurseries.com\/wp-content\/uploads\/2023\/05\/Group-go-768x768.png 768w, https:\/\/abcgonurseries.com\/wp-content\/uploads\/2023\/05\/Group-go-12x12.png 12w\" sizes=\"(max-width: 904px) 100vw, 904px\" \/>\t\t\t\t\t\t\t\t\t\t\t\t\t\t\t<\/div>\n\t\t\t\t<\/div>\n\t\t\t\t\t<\/div>\n\t\t<\/div>\n\t\t\t\t\t<\/div>\n\t\t<\/section>\n\t\t\t\t<section class=\"elementor-section elementor-top-section elementor-element elementor-element-7781de8 elementor-section-boxed elementor-section-height-default elementor-section-height-default\" data-id=\"7781de8\" data-element_type=\"section\" data-e-type=\"section\" data-settings=\"{&quot;background_background&quot;:&quot;classic&quot;}\">\n\t\t\t\t\t\t<div class=\"elementor-container elementor-column-gap-default\">\n\t\t\t\t\t<div class=\"elementor-column elementor-col-100 elementor-top-column elementor-element elementor-element-fce382a\" data-id=\"fce382a\" data-element_type=\"column\" data-e-type=\"column\">\n\t\t\t<div class=\"elementor-widget-wrap elementor-element-populated\">\n\t\t\t\t\t\t<section class=\"elementor-section elementor-inner-section elementor-element elementor-element-a02d725 elementor-section-full_width elementor-section-height-default elementor-section-height-default\" data-id=\"a02d725\" data-element_type=\"section\" data-e-type=\"section\">\n\t\t\t\t\t\t<div class=\"elementor-container elementor-column-gap-default\">\n\t\t\t\t\t<div class=\"elementor-column elementor-col-100 elementor-inner-column elementor-element elementor-element-417faa3\" data-id=\"417faa3\" data-element_type=\"column\" data-e-type=\"column\">\n\t\t\t<div class=\"elementor-widget-wrap elementor-element-populated\">\n\t\t\t\t\t\t<div class=\"elementor-element elementor-element-08df77d elementor-widget elementor-widget-ucaddon_uc_grid_image_theme\" data-id=\"08df77d\" data-element_type=\"widget\" data-e-type=\"widget\" data-widget_type=\"ucaddon_uc_grid_image_theme.default\">\n\t\t\t\t<div class=\"elementor-widget-container\">\n\t\t\t\t\t\n<!-- start Grid Gallery -->\n\t\t<link id='unitegallery-css' href='https:\/\/abcgonurseries.com\/wp-content\/plugins\/unlimited-elements-for-elementor-premium\/assets_libraries\/unitegallery\/css\/unite-gallery.css' type='text\/css' rel='stylesheet' >\n\n\n<div id=\"uc_uc_grid_image_theme_elementor_08df77d\" class=\"uc-items-wrapper  \" style=\"display:none; margin:0 auto;\"  data-remote-type=\"gallery\" data-custom-sethtml=\"true\" >\n\n\n<img decoding=\"async\" alt=\"Rectangle 2 (3)\"\n   src=\"https:\/\/abcgonurseries.com\/wp-content\/uploads\/2023\/05\/Rectangle-2-3.png\"\n    data-image=\"https:\/\/abcgonurseries.com\/wp-content\/uploads\/2023\/05\/Rectangle-2-3.png\"\n    data-title=\"Rectangle 2 (3)\">\n\n<img decoding=\"async\" alt=\"Rectangle 3 (6)\"\n   src=\"https:\/\/abcgonurseries.com\/wp-content\/uploads\/2023\/05\/Rectangle-3-6.png\"\n    data-image=\"https:\/\/abcgonurseries.com\/wp-content\/uploads\/2023\/05\/Rectangle-3-6.png\"\n    data-title=\"Rectangle 3 (6)\">\n\n<img decoding=\"async\" alt=\"Rectangle 3 (7)\"\n   src=\"https:\/\/abcgonurseries.com\/wp-content\/uploads\/2023\/05\/Rectangle-3-7.png\"\n    data-image=\"https:\/\/abcgonurseries.com\/wp-content\/uploads\/2023\/05\/Rectangle-3-7.png\"\n    data-title=\"Rectangle 3 (7)\">\n\n<img decoding=\"async\" alt=\"Rectangle 5 (6)\"\n   src=\"https:\/\/abcgonurseries.com\/wp-content\/uploads\/2023\/05\/Rectangle-5-6.png\"\n    data-image=\"https:\/\/abcgonurseries.com\/wp-content\/uploads\/2023\/05\/Rectangle-5-6.png\"\n    data-title=\"Rectangle 5 (6)\">\n\n\n<\/div>\n<!-- end Grid Gallery -->\t\t\t\t<\/div>\n\t\t\t\t<\/div>\n\t\t\t\t\t<\/div>\n\t\t<\/div>\n\t\t\t\t\t<\/div>\n\t\t<\/section>\n\t\t\t\t\t<\/div>\n\t\t<\/div>\n\t\t\t\t\t<\/div>\n\t\t<\/section>\n\t\t\t\t<section class=\"elementor-section elementor-top-section elementor-element elementor-element-1ba93f4 elementor-section-boxed elementor-section-height-default elementor-section-height-default\" data-id=\"1ba93f4\" data-element_type=\"section\" data-e-type=\"section\" data-settings=\"{&quot;background_background&quot;:&quot;classic&quot;}\">\n\t\t\t\t\t\t<div class=\"elementor-container elementor-column-gap-default\">\n\t\t\t\t\t<div class=\"elementor-column elementor-col-100 elementor-top-column elementor-element elementor-element-ea24160\" data-id=\"ea24160\" data-element_type=\"column\" data-e-type=\"column\">\n\t\t\t<div class=\"elementor-widget-wrap elementor-element-populated\">\n\t\t\t\t\t\t<section class=\"elementor-section elementor-inner-section elementor-element elementor-element-ac2b10b elementor-section-boxed elementor-section-height-default elementor-section-height-default\" data-id=\"ac2b10b\" data-element_type=\"section\" data-e-type=\"section\">\n\t\t\t\t\t\t<div class=\"elementor-container elementor-column-gap-extended\">\n\t\t\t\t\t<div class=\"elementor-column elementor-col-50 elementor-inner-column elementor-element elementor-element-29c63ad\" data-id=\"29c63ad\" data-element_type=\"column\" data-e-type=\"column\">\n\t\t\t<div class=\"elementor-widget-wrap elementor-element-populated\">\n\t\t\t\t\t\t<div class=\"elementor-element elementor-element-4243978 elementor-widget__width-initial elementor-widget elementor-widget-heading\" data-id=\"4243978\" data-element_type=\"widget\" data-e-type=\"widget\" data-widget_type=\"heading.default\">\n\t\t\t\t<div class=\"elementor-widget-container\">\n\t\t\t\t\t<h2 class=\"elementor-heading-title elementor-size-default\">CONT\u00c1CTANOS <br>\n644 200 054<\/h2>\t\t\t\t<\/div>\n\t\t\t\t<\/div>\n\t\t\t\t<div class=\"elementor-element elementor-element-2e96ea8 elementor-widget__width-initial elementor-widget elementor-widget-heading\" data-id=\"2e96ea8\" data-element_type=\"widget\" data-e-type=\"widget\" data-widget_type=\"heading.default\">\n\t\t\t\t<div class=\"elementor-widget-container\">\n\t\t\t\t\t<h2 class=\"elementor-heading-title elementor-size-default\">Affordable \n&amp; Quality English Education<\/h2>\t\t\t\t<\/div>\n\t\t\t\t<\/div>\n\t\t\t\t\t<\/div>\n\t\t<\/div>\n\t\t\t\t<div class=\"elementor-column elementor-col-50 elementor-inner-column elementor-element elementor-element-76d1423\" data-id=\"76d1423\" data-element_type=\"column\" data-e-type=\"column\">\n\t\t\t<div class=\"elementor-widget-wrap elementor-element-populated\">\n\t\t\t\t\t\t<div class=\"elementor-element elementor-element-8290bca elementor-widget elementor-widget-template\" data-id=\"8290bca\" data-element_type=\"widget\" data-e-type=\"widget\" data-widget_type=\"template.default\">\n\t\t\t\t<div class=\"elementor-widget-container\">\n\t\t\t\t\t\t\t<div class=\"elementor-template\">\n\t\t\t\t\t<div data-elementor-type=\"section\" data-elementor-id=\"2680\" class=\"elementor elementor-2680\" data-elementor-post-type=\"elementor_library\">\n\t\t\t\t\t<section class=\"elementor-section elementor-top-section elementor-element elementor-element-19f7e8e elementor-section-boxed elementor-section-height-default elementor-section-height-default\" data-id=\"19f7e8e\" data-element_type=\"section\" data-e-type=\"section\">\n\t\t\t\t\t\t<div class=\"elementor-container elementor-column-gap-default\">\n\t\t\t\t\t<div class=\"elementor-column elementor-col-100 elementor-top-column elementor-element elementor-element-ed83e54\" data-id=\"ed83e54\" data-element_type=\"column\" data-e-type=\"column\">\n\t\t\t<div class=\"elementor-widget-wrap elementor-element-populated\">\n\t\t\t\t\t\t<div class=\"elementor-element elementor-element-3a91a37 elementor-button-align-stretch elementor-widget elementor-widget-form\" data-id=\"3a91a37\" data-element_type=\"widget\" data-e-type=\"widget\" data-settings=\"{&quot;step_next_label&quot;:&quot;Siguiente&quot;,&quot;step_previous_label&quot;:&quot;Anterior&quot;,&quot;button_width&quot;:&quot;100&quot;,&quot;step_type&quot;:&quot;number_text&quot;,&quot;step_icon_shape&quot;:&quot;circle&quot;}\" data-widget_type=\"form.default\">\n\t\t\t\t<div class=\"elementor-widget-container\">\n\t\t\t\t\t\t\t<form class=\"elementor-form\" method=\"post\" name=\"Nuevo formulario\" aria-label=\"Nuevo formulario\">\n\t\t\t<input type=\"hidden\" name=\"post_id\" value=\"2680\"\/>\n\t\t\t<input type=\"hidden\" name=\"form_id\" value=\"3a91a37\"\/>\n\t\t\t<input type=\"hidden\" name=\"referer_title\" value=\"Escuela Infantil Ingl\u00e9s\/\/ M\u00e9todo ABC&amp;Go\/\/ Hijos felices\" \/>\n\n\t\t\t\t\t\t\t<input type=\"hidden\" name=\"queried_id\" value=\"2\"\/>\n\t\t\t\n\t\t\t<div class=\"elementor-form-fields-wrapper elementor-labels-\">\n\t\t\t\t\t\t\t\t<div class=\"elementor-field-type-text elementor-field-group elementor-column elementor-field-group-name elementor-col-100\">\n\t\t\t\t\t\t\t\t\t\t\t\t<label for=\"form-field-name\" class=\"elementor-field-label elementor-screen-only\">\n\t\t\t\t\t\t\t\tNombre\t\t\t\t\t\t\t<\/label>\n\t\t\t\t\t\t\t\t\t\t\t\t\t\t<input size=\"1\" type=\"text\" name=\"form_fields[name]\" id=\"form-field-name\" class=\"elementor-field elementor-size-sm  elementor-field-textual\" placeholder=\"Nombre\">\n\t\t\t\t\t\t\t\t\t\t\t<\/div>\n\t\t\t\t\t\t\t\t<div class=\"elementor-field-type-email elementor-field-group elementor-column elementor-field-group-email elementor-col-100 elementor-field-required\">\n\t\t\t\t\t\t\t\t\t\t\t\t<label for=\"form-field-email\" class=\"elementor-field-label elementor-screen-only\">\n\t\t\t\t\t\t\t\tCorreo electr\u00f3nico\t\t\t\t\t\t\t<\/label>\n\t\t\t\t\t\t\t\t\t\t\t\t\t\t<input size=\"1\" type=\"email\" name=\"form_fields[email]\" id=\"form-field-email\" class=\"elementor-field elementor-size-sm  elementor-field-textual\" placeholder=\"Correo electr\u00f3nico\" required=\"required\">\n\t\t\t\t\t\t\t\t\t\t\t<\/div>\n\t\t\t\t\t\t\t\t<div class=\"elementor-field-type-textarea elementor-field-group elementor-column elementor-field-group-message elementor-col-100\">\n\t\t\t\t\t\t\t\t\t\t\t\t<label for=\"form-field-message\" class=\"elementor-field-label elementor-screen-only\">\n\t\t\t\t\t\t\t\tMensaje\t\t\t\t\t\t\t<\/label>\n\t\t\t\t\t\t<textarea class=\"elementor-field-textual elementor-field  elementor-size-sm\" name=\"form_fields[message]\" id=\"form-field-message\" rows=\"4\" placeholder=\"Mensaje\"><\/textarea>\t\t\t\t<\/div>\n\t\t\t\t\t\t\t\t<div class=\"elementor-field-type-recaptcha_v3 elementor-field-group elementor-column elementor-field-group-field_7ac93ff elementor-col-100 recaptcha_v3-bottomright\">\n\t\t\t\t\t<div class=\"elementor-field\" id=\"form-field-field_7ac93ff\"><div class=\"elementor-g-recaptcha\" data-sitekey=\"6LdnWJYUAAAAALbScqfg5WQi2-vY7hJsysbJPlv4\" data-type=\"v3\" data-action=\"Form\" data-badge=\"bottomright\" data-size=\"invisible\"><\/div><\/div>\t\t\t\t<\/div>\n\t\t\t\t\t\t\t\t<div class=\"elementor-field-group elementor-column elementor-field-type-submit elementor-col-100 e-form__buttons\">\n\t\t\t\t\t<button class=\"elementor-button elementor-size-sm\" type=\"submit\">\n\t\t\t\t\t\t<span class=\"elementor-button-content-wrapper\">\n\t\t\t\t\t\t\t\t\t\t\t\t\t\t\t\t\t\t\t\t\t\t<span class=\"elementor-button-text\">Enviar<\/span>\n\t\t\t\t\t\t\t\t\t\t\t\t\t<\/span>\n\t\t\t\t\t<\/button>\n\t\t\t\t<\/div>\n\t\t\t<\/div>\n\t\t<\/form>\n\t\t\t\t\t\t<\/div>\n\t\t\t\t<\/div>\n\t\t\t\t\t<\/div>\n\t\t<\/div>\n\t\t\t\t\t<\/div>\n\t\t<\/section>\n\t\t\t\t<\/div>\n\t\t\t\t<\/div>\n\t\t\t\t\t\t<\/div>\n\t\t\t\t<\/div>\n\t\t\t\t\t<\/div>\n\t\t<\/div>\n\t\t\t\t\t<\/div>\n\t\t<\/section>\n\t\t\t\t\t<\/div>\n\t\t<\/div>\n\t\t\t\t\t<\/div>\n\t\t<\/section>\n\t\t\t\t<\/div>\n\t\t","protected":false},"excerpt":{"rendered":"<p>AULA DE 2 A 3 A\u00d1OS En el aula de los mayores contamos con mesas de trabajo cuadradas y sillas antivuelco, y con todo el material educativo para el trabajo diario as\u00ed como una pizarra digital. Contamos con un aseo infantil con sanitarios adaptados donde los ni\u00f1os afianzar\u00e1n los h\u00e1bitos higi\u00e9nicos que ya ser\u00e1n parte [&hellip;]<\/p>\n","protected":false},"author":1,"featured_media":0,"parent":0,"menu_order":0,"comment_status":"closed","ping_status":"closed","template":"elementor_header_footer","meta":{"_acf_changed":false,"footnotes":""},"class_list":["post-1987","page","type-page","status-publish","hentry"],"acf":[],"yoast_head":"<!-- This site is optimized with the Yoast SEO plugin v27.3 - https:\/\/yoast.com\/product\/yoast-seo-wordpress\/ -->\n<title>Go - ESCUELA INFANTIL 100% en ingl\u00e9s<\/title>\n<meta name=\"robots\" content=\"index, follow, max-snippet:-1, max-image-preview:large, max-video-preview:-1\" \/>\n<link rel=\"canonical\" href=\"https:\/\/abcgonurseries.com\/en\/go\/\" \/>\n<meta property=\"og:locale\" content=\"en_US\" \/>\n<meta property=\"og:type\" content=\"article\" \/>\n<meta property=\"og:title\" content=\"Go - ESCUELA INFANTIL 100% en ingl\u00e9s\" \/>\n<meta property=\"og:description\" content=\"AULA DE 2 A 3 A\u00d1OS En el aula de los mayores contamos con mesas de trabajo cuadradas y sillas antivuelco, y con todo el material educativo para el trabajo diario as\u00ed como una pizarra digital. Contamos con un aseo infantil con sanitarios adaptados donde los ni\u00f1os afianzar\u00e1n los h\u00e1bitos higi\u00e9nicos que ya ser\u00e1n parte [&hellip;]\" \/>\n<meta property=\"og:url\" content=\"https:\/\/abcgonurseries.com\/en\/go\/\" \/>\n<meta property=\"og:site_name\" content=\"ESCUELA INFANTIL 100% en ingl\u00e9s\" \/>\n<meta property=\"article:modified_time\" content=\"2023-06-10T11:42:21+00:00\" \/>\n<meta property=\"og:image\" content=\"https:\/\/abcgonurseries.com\/wp-content\/uploads\/2023\/05\/Group-go.png\" \/>\n<meta name=\"twitter:card\" content=\"summary_large_image\" \/>\n<script type=\"application\/ld+json\" class=\"yoast-schema-graph\">{\"@context\":\"https:\\\/\\\/schema.org\",\"@graph\":[{\"@type\":\"WebPage\",\"@id\":\"https:\\\/\\\/abcgonurseries.com\\\/go\\\/\",\"url\":\"https:\\\/\\\/abcgonurseries.com\\\/go\\\/\",\"name\":\"Go - ESCUELA INFANTIL 100% en ingl\u00e9s\",\"isPartOf\":{\"@id\":\"https:\\\/\\\/abcgonurseries.com\\\/#website\"},\"primaryImageOfPage\":{\"@id\":\"https:\\\/\\\/abcgonurseries.com\\\/go\\\/#primaryimage\"},\"image\":{\"@id\":\"https:\\\/\\\/abcgonurseries.com\\\/go\\\/#primaryimage\"},\"thumbnailUrl\":\"https:\\\/\\\/abcgonurseries.com\\\/wp-content\\\/uploads\\\/2023\\\/05\\\/Group-go.png\",\"datePublished\":\"2023-05-18T16:12:42+00:00\",\"dateModified\":\"2023-06-10T11:42:21+00:00\",\"breadcrumb\":{\"@id\":\"https:\\\/\\\/abcgonurseries.com\\\/go\\\/#breadcrumb\"},\"inLanguage\":\"en-US\",\"potentialAction\":[{\"@type\":\"ReadAction\",\"target\":[\"https:\\\/\\\/abcgonurseries.com\\\/go\\\/\"]}]},{\"@type\":\"ImageObject\",\"inLanguage\":\"en-US\",\"@id\":\"https:\\\/\\\/abcgonurseries.com\\\/go\\\/#primaryimage\",\"url\":\"https:\\\/\\\/abcgonurseries.com\\\/wp-content\\\/uploads\\\/2023\\\/05\\\/Group-go.png\",\"contentUrl\":\"https:\\\/\\\/abcgonurseries.com\\\/wp-content\\\/uploads\\\/2023\\\/05\\\/Group-go.png\"},{\"@type\":\"BreadcrumbList\",\"@id\":\"https:\\\/\\\/abcgonurseries.com\\\/go\\\/#breadcrumb\",\"itemListElement\":[{\"@type\":\"ListItem\",\"position\":1,\"name\":\"Portada\",\"item\":\"https:\\\/\\\/abcgonurseries.com\\\/\"},{\"@type\":\"ListItem\",\"position\":2,\"name\":\"Go\"}]},{\"@type\":\"WebSite\",\"@id\":\"https:\\\/\\\/abcgonurseries.com\\\/#website\",\"url\":\"https:\\\/\\\/abcgonurseries.com\\\/\",\"name\":\"ESCUELA INFANTIL 100% en ingl\u00e9s\",\"description\":\"Affordable  &amp; Quality English Education\",\"publisher\":{\"@id\":\"https:\\\/\\\/abcgonurseries.com\\\/#organization\"},\"potentialAction\":[{\"@type\":\"SearchAction\",\"target\":{\"@type\":\"EntryPoint\",\"urlTemplate\":\"https:\\\/\\\/abcgonurseries.com\\\/?s={search_term_string}\"},\"query-input\":{\"@type\":\"PropertyValueSpecification\",\"valueRequired\":true,\"valueName\":\"search_term_string\"}}],\"inLanguage\":\"en-US\"},{\"@type\":\"Organization\",\"@id\":\"https:\\\/\\\/abcgonurseries.com\\\/#organization\",\"name\":\"ESCUELA INFANTIL 100% en ingl\u00e9s\",\"url\":\"https:\\\/\\\/abcgonurseries.com\\\/\",\"logo\":{\"@type\":\"ImageObject\",\"inLanguage\":\"en-US\",\"@id\":\"https:\\\/\\\/abcgonurseries.com\\\/#\\\/schema\\\/logo\\\/image\\\/\",\"url\":\"https:\\\/\\\/abcgonurseries.com\\\/wp-content\\\/uploads\\\/2023\\\/05\\\/LOGO.svg\",\"contentUrl\":\"https:\\\/\\\/abcgonurseries.com\\\/wp-content\\\/uploads\\\/2023\\\/05\\\/LOGO.svg\",\"caption\":\"ESCUELA INFANTIL 100% en ingl\u00e9s\"},\"image\":{\"@id\":\"https:\\\/\\\/abcgonurseries.com\\\/#\\\/schema\\\/logo\\\/image\\\/\"}}]}<\/script>\n<!-- \/ Yoast SEO plugin. -->","yoast_head_json":{"title":"Go - ESCUELA INFANTIL 100% en ingl\u00e9s","robots":{"index":"index","follow":"follow","max-snippet":"max-snippet:-1","max-image-preview":"max-image-preview:large","max-video-preview":"max-video-preview:-1"},"canonical":"https:\/\/abcgonurseries.com\/en\/go\/","og_locale":"en_US","og_type":"article","og_title":"Go - ESCUELA INFANTIL 100% en ingl\u00e9s","og_description":"AULA DE 2 A 3 A\u00d1OS En el aula de los mayores contamos con mesas de trabajo cuadradas y sillas antivuelco, y con todo el material educativo para el trabajo diario as\u00ed como una pizarra digital. Contamos con un aseo infantil con sanitarios adaptados donde los ni\u00f1os afianzar\u00e1n los h\u00e1bitos higi\u00e9nicos que ya ser\u00e1n parte [&hellip;]","og_url":"https:\/\/abcgonurseries.com\/en\/go\/","og_site_name":"ESCUELA INFANTIL 100% en ingl\u00e9s","article_modified_time":"2023-06-10T11:42:21+00:00","og_image":[{"url":"https:\/\/abcgonurseries.com\/wp-content\/uploads\/2023\/05\/Group-go.png","type":"","width":"","height":""}],"twitter_card":"summary_large_image","schema":{"@context":"https:\/\/schema.org","@graph":[{"@type":"WebPage","@id":"https:\/\/abcgonurseries.com\/go\/","url":"https:\/\/abcgonurseries.com\/go\/","name":"Go - ESCUELA INFANTIL 100% en ingl\u00e9s","isPartOf":{"@id":"https:\/\/abcgonurseries.com\/#website"},"primaryImageOfPage":{"@id":"https:\/\/abcgonurseries.com\/go\/#primaryimage"},"image":{"@id":"https:\/\/abcgonurseries.com\/go\/#primaryimage"},"thumbnailUrl":"https:\/\/abcgonurseries.com\/wp-content\/uploads\/2023\/05\/Group-go.png","datePublished":"2023-05-18T16:12:42+00:00","dateModified":"2023-06-10T11:42:21+00:00","breadcrumb":{"@id":"https:\/\/abcgonurseries.com\/go\/#breadcrumb"},"inLanguage":"en-US","potentialAction":[{"@type":"ReadAction","target":["https:\/\/abcgonurseries.com\/go\/"]}]},{"@type":"ImageObject","inLanguage":"en-US","@id":"https:\/\/abcgonurseries.com\/go\/#primaryimage","url":"https:\/\/abcgonurseries.com\/wp-content\/uploads\/2023\/05\/Group-go.png","contentUrl":"https:\/\/abcgonurseries.com\/wp-content\/uploads\/2023\/05\/Group-go.png"},{"@type":"BreadcrumbList","@id":"https:\/\/abcgonurseries.com\/go\/#breadcrumb","itemListElement":[{"@type":"ListItem","position":1,"name":"Portada","item":"https:\/\/abcgonurseries.com\/"},{"@type":"ListItem","position":2,"name":"Go"}]},{"@type":"WebSite","@id":"https:\/\/abcgonurseries.com\/#website","url":"https:\/\/abcgonurseries.com\/","name":"ESCUELA INFANTIL 100% en ingl\u00e9s","description":"Affordable  &amp; Quality English Education","publisher":{"@id":"https:\/\/abcgonurseries.com\/#organization"},"potentialAction":[{"@type":"SearchAction","target":{"@type":"EntryPoint","urlTemplate":"https:\/\/abcgonurseries.com\/?s={search_term_string}"},"query-input":{"@type":"PropertyValueSpecification","valueRequired":true,"valueName":"search_term_string"}}],"inLanguage":"en-US"},{"@type":"Organization","@id":"https:\/\/abcgonurseries.com\/#organization","name":"ESCUELA INFANTIL 100% en ingl\u00e9s","url":"https:\/\/abcgonurseries.com\/","logo":{"@type":"ImageObject","inLanguage":"en-US","@id":"https:\/\/abcgonurseries.com\/#\/schema\/logo\/image\/","url":"https:\/\/abcgonurseries.com\/wp-content\/uploads\/2023\/05\/LOGO.svg","contentUrl":"https:\/\/abcgonurseries.com\/wp-content\/uploads\/2023\/05\/LOGO.svg","caption":"ESCUELA INFANTIL 100% en ingl\u00e9s"},"image":{"@id":"https:\/\/abcgonurseries.com\/#\/schema\/logo\/image\/"}}]}},"_links":{"self":[{"href":"https:\/\/abcgonurseries.com\/en\/wp-json\/wp\/v2\/pages\/1987","targetHints":{"allow":["GET"]}}],"collection":[{"href":"https:\/\/abcgonurseries.com\/en\/wp-json\/wp\/v2\/pages"}],"about":[{"href":"https:\/\/abcgonurseries.com\/en\/wp-json\/wp\/v2\/types\/page"}],"author":[{"embeddable":true,"href":"https:\/\/abcgonurseries.com\/en\/wp-json\/wp\/v2\/users\/1"}],"replies":[{"embeddable":true,"href":"https:\/\/abcgonurseries.com\/en\/wp-json\/wp\/v2\/comments?post=1987"}],"version-history":[{"count":34,"href":"https:\/\/abcgonurseries.com\/en\/wp-json\/wp\/v2\/pages\/1987\/revisions"}],"predecessor-version":[{"id":2709,"href":"https:\/\/abcgonurseries.com\/en\/wp-json\/wp\/v2\/pages\/1987\/revisions\/2709"}],"wp:attachment":[{"href":"https:\/\/abcgonurseries.com\/en\/wp-json\/wp\/v2\/media?parent=1987"}],"curies":[{"name":"wp","href":"https:\/\/api.w.org\/{rel}","templated":true}]}}