{"id":1894,"date":"2023-05-18T15:37:51","date_gmt":"2023-05-18T15:37:51","guid":{"rendered":"https:\/\/abcgonurseries.com\/?page_id=1894"},"modified":"2025-11-21T09:01:56","modified_gmt":"2025-11-21T09:01:56","slug":"a-aula-bebe","status":"publish","type":"page","link":"https:\/\/abcgonurseries.com\/en\/a-aula-bebe\/","title":{"rendered":"A-AULA BEBE"},"content":{"rendered":"<style>\/*! elementor - v3.13.3 - 22-05-2023 *\/\n.elementor-heading-title{padding:0;margin:0;line-height:1}.elementor-widget-heading .elementor-heading-title[class*=elementor-size-]>a{color:inherit;font-size:inherit;line-height:inherit}.elementor-widget-heading .elementor-heading-title.elementor-size-small{font-size:15px}.elementor-widget-heading .elementor-heading-title.elementor-size-medium{font-size:19px}.elementor-widget-heading .elementor-heading-title.elementor-size-large{font-size:29px}.elementor-widget-heading .elementor-heading-title.elementor-size-xl{font-size:39px}.elementor-widget-heading .elementor-heading-title.elementor-size-xxl{font-size:59px}<\/style>\n<h2>Aula de Bebes <\/h2>\n<p>En el aula de beb\u00e9s contamos con una zona de cambio y aseo con ba\u00f1era, una zona para la preparaci\u00f3n y limpieza de biberones, una zona de descanso con cunas, un amplio espacio para trabajar con los m\u00e1s peque\u00f1os tanto a nivel cognitivo como motor y un tatami para favorecer el gateo, tan importante a estas edades.<\/p>\n<p>Las cunas, tronas y hamacas han sido seleccionadas para garantizar la m\u00e1xima higiene y una adecuada posici\u00f3n ergon\u00f3mica de los beb\u00e9s.<\/p>\n<p>\t\t\t<a href=\"https:\/\/abcgonurseries.com\/porque-somos-diferentes\/#instalaciones\" role=\"button\"><br \/>\n\t\t\t\t\t\tVER M\u00c1S INSTALACIONES<br \/>\n\t\t\t\t\t<\/a><\/p>\n<style>\/*! elementor - v3.13.3 - 22-05-2023 *\/\n.elementor-widget-image{text-align:center}.elementor-widget-image a{display:inline-block}.elementor-widget-image a img[src$=\".svg\"]{width:48px}.elementor-widget-image img{vertical-align:middle;display:inline-block}<\/style>\n<p>\t\t\t\t\t\t\t\t\t\t\t\t<img loading=\"lazy\" decoding=\"async\" width=\"926\" height=\"904\" src=\"https:\/\/abcgonurseries.com\/wp-content\/uploads\/2023\/05\/Group-4.png\" alt=\"\" loading=\"lazy\" srcset=\"https:\/\/abcgonurseries.com\/wp-content\/uploads\/2023\/05\/Group-4.png 926w, https:\/\/abcgonurseries.com\/wp-content\/uploads\/2023\/05\/Group-4-600x586.png 600w, https:\/\/abcgonurseries.com\/wp-content\/uploads\/2023\/05\/Group-4-300x293.png 300w, https:\/\/abcgonurseries.com\/wp-content\/uploads\/2023\/05\/Group-4-768x750.png 768w, https:\/\/abcgonurseries.com\/wp-content\/uploads\/2023\/05\/Group-4-12x12.png 12w\" sizes=\"auto, (max-width: 926px) 100vw, 926px\" \/><br \/>\n\t\t\t<!-- start Grid Gallery -->\n\t\t<link id='unitegallery-css' href='https:\/\/abcgonurseries.com\/wp-content\/plugins\/unlimited-elements-for-elementor-premium\/assets_libraries\/unitegallery\/css\/unite-gallery.css' type='text\/css' rel='stylesheet' >\n<img decoding=\"async\" alt=\"Rectangle 2\"\n   src=\"https:\/\/abcgonurseries.com\/wp-content\/uploads\/2023\/05\/Rectangle-2.png\"\n    data-image=\"https:\/\/abcgonurseries.com\/wp-content\/uploads\/2023\/05\/Rectangle-2.png\"\n    data-title=\"Rectangle 2\"><br \/>\n<img decoding=\"async\" alt=\"Rectangle 3\"\n   src=\"https:\/\/abcgonurseries.com\/wp-content\/uploads\/2023\/05\/Rectangle-3.png\"\n    data-image=\"https:\/\/abcgonurseries.com\/wp-content\/uploads\/2023\/05\/Rectangle-3.png\"\n    data-title=\"Rectangle 3\"><br \/>\n<img decoding=\"async\" alt=\"Rectangle 5\"\n   src=\"https:\/\/abcgonurseries.com\/wp-content\/uploads\/2023\/05\/Rectangle-5.png\"\n    data-image=\"https:\/\/abcgonurseries.com\/wp-content\/uploads\/2023\/05\/Rectangle-5.png\"\n    data-title=\"Rectangle 5\"><br \/>\n<img decoding=\"async\" alt=\"Rectangle 5 (1)\"\n   src=\"https:\/\/abcgonurseries.com\/wp-content\/uploads\/2023\/05\/Rectangle-5-1.png\"\n    data-image=\"https:\/\/abcgonurseries.com\/wp-content\/uploads\/2023\/05\/Rectangle-5-1.png\"\n    data-title=\"Rectangle 5 (1)\"><br \/>\n\t\t\t<!-- end Grid Gallery -->\t\t<\/p>\n<h2>CONT\u00c1CTANOS <br \/>\n644 200 054<\/h2>\n<h2>Affordable<br \/>\n&#038; Quality English Education<\/h2>\n","protected":false},"excerpt":{"rendered":"<p>Aula de Bebes En el aula de beb\u00e9s contamos con una zona de cambio y aseo con ba\u00f1era, una zona para la preparaci\u00f3n y limpieza de biberones, una zona de descanso con cunas, un amplio espacio para trabajar con los m\u00e1s peque\u00f1os tanto a nivel cognitivo como motor y un tatami para favorecer el gateo, [&hellip;]<\/p>\n","protected":false},"author":1,"featured_media":0,"parent":0,"menu_order":0,"comment_status":"closed","ping_status":"closed","template":"elementor_header_footer","meta":{"_acf_changed":false,"footnotes":""},"class_list":["post-1894","page","type-page","status-publish","hentry"],"acf":[],"yoast_head":"<!-- This site is optimized with the Yoast SEO plugin v27.3 - https:\/\/yoast.com\/product\/yoast-seo-wordpress\/ -->\n<title>A-AULA BEBE - ESCUELA INFANTIL 100% en ingl\u00e9s<\/title>\n<meta name=\"robots\" content=\"index, follow, max-snippet:-1, max-image-preview:large, max-video-preview:-1\" \/>\n<link rel=\"canonical\" href=\"https:\/\/abcgonurseries.com\/en\/a-aula-bebe\/\" \/>\n<meta property=\"og:locale\" content=\"en_US\" \/>\n<meta property=\"og:type\" content=\"article\" \/>\n<meta property=\"og:title\" content=\"A-AULA BEBE - ESCUELA INFANTIL 100% en ingl\u00e9s\" \/>\n<meta property=\"og:description\" content=\"Aula de Bebes En el aula de beb\u00e9s contamos con una zona de cambio y aseo con ba\u00f1era, una zona para la preparaci\u00f3n y limpieza de biberones, una zona de descanso con cunas, un amplio espacio para trabajar con los m\u00e1s peque\u00f1os tanto a nivel cognitivo como motor y un tatami para favorecer el gateo, [&hellip;]\" \/>\n<meta property=\"og:url\" content=\"https:\/\/abcgonurseries.com\/en\/a-aula-bebe\/\" \/>\n<meta property=\"og:site_name\" content=\"ESCUELA INFANTIL 100% en ingl\u00e9s\" \/>\n<meta property=\"article:modified_time\" content=\"2025-11-21T09:01:56+00:00\" \/>\n<meta property=\"og:image\" content=\"https:\/\/abcgonurseries.com\/wp-content\/uploads\/2023\/05\/Group-4.png\" \/>\n<meta name=\"twitter:card\" content=\"summary_large_image\" \/>\n<meta name=\"twitter:label1\" content=\"Est. reading time\" \/>\n\t<meta name=\"twitter:data1\" content=\"2 minutes\" \/>\n<script type=\"application\/ld+json\" class=\"yoast-schema-graph\">{\"@context\":\"https:\\\/\\\/schema.org\",\"@graph\":[{\"@type\":\"WebPage\",\"@id\":\"https:\\\/\\\/abcgonurseries.com\\\/a-aula-bebe\\\/\",\"url\":\"https:\\\/\\\/abcgonurseries.com\\\/a-aula-bebe\\\/\",\"name\":\"A-AULA BEBE - ESCUELA INFANTIL 100% en ingl\u00e9s\",\"isPartOf\":{\"@id\":\"https:\\\/\\\/abcgonurseries.com\\\/#website\"},\"primaryImageOfPage\":{\"@id\":\"https:\\\/\\\/abcgonurseries.com\\\/a-aula-bebe\\\/#primaryimage\"},\"image\":{\"@id\":\"https:\\\/\\\/abcgonurseries.com\\\/a-aula-bebe\\\/#primaryimage\"},\"thumbnailUrl\":\"https:\\\/\\\/abcgonurseries.com\\\/wp-content\\\/uploads\\\/2023\\\/05\\\/Group-4.png\",\"datePublished\":\"2023-05-18T15:37:51+00:00\",\"dateModified\":\"2025-11-21T09:01:56+00:00\",\"breadcrumb\":{\"@id\":\"https:\\\/\\\/abcgonurseries.com\\\/a-aula-bebe\\\/#breadcrumb\"},\"inLanguage\":\"en-US\",\"potentialAction\":[{\"@type\":\"ReadAction\",\"target\":[\"https:\\\/\\\/abcgonurseries.com\\\/a-aula-bebe\\\/\"]}]},{\"@type\":\"ImageObject\",\"inLanguage\":\"en-US\",\"@id\":\"https:\\\/\\\/abcgonurseries.com\\\/a-aula-bebe\\\/#primaryimage\",\"url\":\"https:\\\/\\\/abcgonurseries.com\\\/wp-content\\\/uploads\\\/2023\\\/05\\\/Group-4.png\",\"contentUrl\":\"https:\\\/\\\/abcgonurseries.com\\\/wp-content\\\/uploads\\\/2023\\\/05\\\/Group-4.png\"},{\"@type\":\"BreadcrumbList\",\"@id\":\"https:\\\/\\\/abcgonurseries.com\\\/a-aula-bebe\\\/#breadcrumb\",\"itemListElement\":[{\"@type\":\"ListItem\",\"position\":1,\"name\":\"Portada\",\"item\":\"https:\\\/\\\/abcgonurseries.com\\\/\"},{\"@type\":\"ListItem\",\"position\":2,\"name\":\"A-AULA BEBE\"}]},{\"@type\":\"WebSite\",\"@id\":\"https:\\\/\\\/abcgonurseries.com\\\/#website\",\"url\":\"https:\\\/\\\/abcgonurseries.com\\\/\",\"name\":\"ESCUELA INFANTIL 100% en ingl\u00e9s\",\"description\":\"Affordable  &amp; Quality English Education\",\"publisher\":{\"@id\":\"https:\\\/\\\/abcgonurseries.com\\\/#organization\"},\"potentialAction\":[{\"@type\":\"SearchAction\",\"target\":{\"@type\":\"EntryPoint\",\"urlTemplate\":\"https:\\\/\\\/abcgonurseries.com\\\/?s={search_term_string}\"},\"query-input\":{\"@type\":\"PropertyValueSpecification\",\"valueRequired\":true,\"valueName\":\"search_term_string\"}}],\"inLanguage\":\"en-US\"},{\"@type\":\"Organization\",\"@id\":\"https:\\\/\\\/abcgonurseries.com\\\/#organization\",\"name\":\"ESCUELA INFANTIL 100% en ingl\u00e9s\",\"url\":\"https:\\\/\\\/abcgonurseries.com\\\/\",\"logo\":{\"@type\":\"ImageObject\",\"inLanguage\":\"en-US\",\"@id\":\"https:\\\/\\\/abcgonurseries.com\\\/#\\\/schema\\\/logo\\\/image\\\/\",\"url\":\"https:\\\/\\\/abcgonurseries.com\\\/wp-content\\\/uploads\\\/2023\\\/05\\\/LOGO.svg\",\"contentUrl\":\"https:\\\/\\\/abcgonurseries.com\\\/wp-content\\\/uploads\\\/2023\\\/05\\\/LOGO.svg\",\"caption\":\"ESCUELA INFANTIL 100% en ingl\u00e9s\"},\"image\":{\"@id\":\"https:\\\/\\\/abcgonurseries.com\\\/#\\\/schema\\\/logo\\\/image\\\/\"}}]}<\/script>\n<!-- \/ Yoast SEO plugin. -->","yoast_head_json":{"title":"A-AULA BEBE - ESCUELA INFANTIL 100% en ingl\u00e9s","robots":{"index":"index","follow":"follow","max-snippet":"max-snippet:-1","max-image-preview":"max-image-preview:large","max-video-preview":"max-video-preview:-1"},"canonical":"https:\/\/abcgonurseries.com\/en\/a-aula-bebe\/","og_locale":"en_US","og_type":"article","og_title":"A-AULA BEBE - ESCUELA INFANTIL 100% en ingl\u00e9s","og_description":"Aula de Bebes En el aula de beb\u00e9s contamos con una zona de cambio y aseo con ba\u00f1era, una zona para la preparaci\u00f3n y limpieza de biberones, una zona de descanso con cunas, un amplio espacio para trabajar con los m\u00e1s peque\u00f1os tanto a nivel cognitivo como motor y un tatami para favorecer el gateo, [&hellip;]","og_url":"https:\/\/abcgonurseries.com\/en\/a-aula-bebe\/","og_site_name":"ESCUELA INFANTIL 100% en ingl\u00e9s","article_modified_time":"2025-11-21T09:01:56+00:00","og_image":[{"url":"https:\/\/abcgonurseries.com\/wp-content\/uploads\/2023\/05\/Group-4.png","type":"","width":"","height":""}],"twitter_card":"summary_large_image","twitter_misc":{"Est. reading time":"2 minutes"},"schema":{"@context":"https:\/\/schema.org","@graph":[{"@type":"WebPage","@id":"https:\/\/abcgonurseries.com\/a-aula-bebe\/","url":"https:\/\/abcgonurseries.com\/a-aula-bebe\/","name":"A-AULA BEBE - ESCUELA INFANTIL 100% en ingl\u00e9s","isPartOf":{"@id":"https:\/\/abcgonurseries.com\/#website"},"primaryImageOfPage":{"@id":"https:\/\/abcgonurseries.com\/a-aula-bebe\/#primaryimage"},"image":{"@id":"https:\/\/abcgonurseries.com\/a-aula-bebe\/#primaryimage"},"thumbnailUrl":"https:\/\/abcgonurseries.com\/wp-content\/uploads\/2023\/05\/Group-4.png","datePublished":"2023-05-18T15:37:51+00:00","dateModified":"2025-11-21T09:01:56+00:00","breadcrumb":{"@id":"https:\/\/abcgonurseries.com\/a-aula-bebe\/#breadcrumb"},"inLanguage":"en-US","potentialAction":[{"@type":"ReadAction","target":["https:\/\/abcgonurseries.com\/a-aula-bebe\/"]}]},{"@type":"ImageObject","inLanguage":"en-US","@id":"https:\/\/abcgonurseries.com\/a-aula-bebe\/#primaryimage","url":"https:\/\/abcgonurseries.com\/wp-content\/uploads\/2023\/05\/Group-4.png","contentUrl":"https:\/\/abcgonurseries.com\/wp-content\/uploads\/2023\/05\/Group-4.png"},{"@type":"BreadcrumbList","@id":"https:\/\/abcgonurseries.com\/a-aula-bebe\/#breadcrumb","itemListElement":[{"@type":"ListItem","position":1,"name":"Portada","item":"https:\/\/abcgonurseries.com\/"},{"@type":"ListItem","position":2,"name":"A-AULA BEBE"}]},{"@type":"WebSite","@id":"https:\/\/abcgonurseries.com\/#website","url":"https:\/\/abcgonurseries.com\/","name":"ESCUELA INFANTIL 100% en ingl\u00e9s","description":"Affordable  &amp; Quality English Education","publisher":{"@id":"https:\/\/abcgonurseries.com\/#organization"},"potentialAction":[{"@type":"SearchAction","target":{"@type":"EntryPoint","urlTemplate":"https:\/\/abcgonurseries.com\/?s={search_term_string}"},"query-input":{"@type":"PropertyValueSpecification","valueRequired":true,"valueName":"search_term_string"}}],"inLanguage":"en-US"},{"@type":"Organization","@id":"https:\/\/abcgonurseries.com\/#organization","name":"ESCUELA INFANTIL 100% en ingl\u00e9s","url":"https:\/\/abcgonurseries.com\/","logo":{"@type":"ImageObject","inLanguage":"en-US","@id":"https:\/\/abcgonurseries.com\/#\/schema\/logo\/image\/","url":"https:\/\/abcgonurseries.com\/wp-content\/uploads\/2023\/05\/LOGO.svg","contentUrl":"https:\/\/abcgonurseries.com\/wp-content\/uploads\/2023\/05\/LOGO.svg","caption":"ESCUELA INFANTIL 100% en ingl\u00e9s"},"image":{"@id":"https:\/\/abcgonurseries.com\/#\/schema\/logo\/image\/"}}]}},"_links":{"self":[{"href":"https:\/\/abcgonurseries.com\/en\/wp-json\/wp\/v2\/pages\/1894","targetHints":{"allow":["GET"]}}],"collection":[{"href":"https:\/\/abcgonurseries.com\/en\/wp-json\/wp\/v2\/pages"}],"about":[{"href":"https:\/\/abcgonurseries.com\/en\/wp-json\/wp\/v2\/types\/page"}],"author":[{"embeddable":true,"href":"https:\/\/abcgonurseries.com\/en\/wp-json\/wp\/v2\/users\/1"}],"replies":[{"embeddable":true,"href":"https:\/\/abcgonurseries.com\/en\/wp-json\/wp\/v2\/comments?post=1894"}],"version-history":[{"count":103,"href":"https:\/\/abcgonurseries.com\/en\/wp-json\/wp\/v2\/pages\/1894\/revisions"}],"predecessor-version":[{"id":2700,"href":"https:\/\/abcgonurseries.com\/en\/wp-json\/wp\/v2\/pages\/1894\/revisions\/2700"}],"wp:attachment":[{"href":"https:\/\/abcgonurseries.com\/en\/wp-json\/wp\/v2\/media?parent=1894"}],"curies":[{"name":"wp","href":"https:\/\/api.w.org\/{rel}","templated":true}]}}